{"id":1506,"date":"2025-03-25T16:03:08","date_gmt":"2025-03-25T16:03:08","guid":{"rendered":"https:\/\/www.data.game\/regali-aziendali\/"},"modified":"2025-04-06T16:23:12","modified_gmt":"2025-04-06T16:23:12","slug":"cadeaux-dentreprise","status":"publish","type":"page","link":"https:\/\/www.data.game\/fr\/cadeaux-dentreprise\/","title":{"rendered":"CADEAUX D&rsquo;ENTREPRISE"},"content":{"rendered":"\n\n\t<h1>\n\t\t\t\tCADEAUX D&rsquo;ENTREPRISE\n\t\t\t<\/h1>\n\t<h4>\n\t\t\t\tLe cadeau d&rsquo;entreprise le plus original et le plus actuel !\n\t\t\t<\/h4>\n\tDATA! The game\u00ae peut \u00e9galement \u00eatre <strong>personnalis\u00e9 avec le logo de votre organisation, pour offrir des cadeaux et du merchandising <\/strong>intelligents et amusants \u00e0 vos collaborateurs et partenaires.<br \/>\nContactez-nous \u00e0 l&rsquo;adresse <a href=\"mailto:academy@istitutoprivacy.eu\"><strong>academy@istitutoprivacy.eu<\/strong><\/a>, et nous vous ferons la meilleure offre pour DATA! The game\u00ae (en anglais, italien, allemand, espagnol ou fran\u00e7ais) avec votre marque\/logo.<br \/>\nLe d\u00e9lai de production et de livraison est de 90 jours \u00e0 compter de la commande, nous vous recommandons donc de vous y prendre \u00e0 l&rsquo;avance (par exemple, si vous souhaitez les offrir \u00e0 No\u00ebl ou pour des conventions et autres occasions sp\u00e9ciales).\n\t\t\t\t<img decoding=\"async\" src=\"https:\/\/www.data.game\/wp-content\/uploads\/2025\/03\/Mockup-DATA-ITA-regalo.png\" alt=\"Mockup DATA ITA regalo\" title=\"Mockup DATA ITA regalo\" itemprop=\"image\"\/>\n\n","protected":false},"excerpt":{"rendered":"<p>CADEAUX D&rsquo;ENTREPRISE Le cadeau d&rsquo;entreprise le plus original et le plus actuel ! DATA! The game\u00ae peut \u00e9galement \u00eatre personnalis\u00e9 avec le logo de votre organisation, pour offrir des cadeaux et du merchandising intelligents et amusants \u00e0 vos collaborateurs et partenaires. Contactez-nous \u00e0 l&rsquo;adresse academy@istitutoprivacy.eu, et nous vous ferons la meilleure offre pour DATA! The [&hellip;]<\/p>\n","protected":false},"author":1,"featured_media":0,"parent":0,"menu_order":0,"comment_status":"closed","ping_status":"closed","template":"","meta":{"site-sidebar-layout":"no-sidebar","site-content-layout":"page-builder","ast-site-content-layout":"full-width-container","site-content-style":"unboxed","site-sidebar-style":"unboxed","ast-global-header-display":"","ast-banner-title-visibility":"","ast-main-header-display":"","ast-hfb-above-header-display":"","ast-hfb-below-header-display":"","ast-hfb-mobile-header-display":"","site-post-title":"disabled","ast-breadcrumbs-content":"disabled","ast-featured-img":"disabled","footer-sml-layout":"","theme-transparent-header-meta":"enabled","adv-header-id-meta":"","stick-header-meta":"default","header-above-stick-meta":"","header-main-stick-meta":"","header-below-stick-meta":"","astra-migrate-meta-layouts":"set","ast-page-background-enabled":"default","ast-page-background-meta":{"desktop":{"background-color":"","background-image":"","background-repeat":"repeat","background-position":"center center","background-size":"auto","background-attachment":"scroll","background-type":"","background-media":"","overlay-type":"","overlay-color":"","overlay-opacity":"","overlay-gradient":""},"tablet":{"background-color":"","background-image":"","background-repeat":"repeat","background-position":"center center","background-size":"auto","background-attachment":"scroll","background-type":"","background-media":"","overlay-type":"","overlay-color":"","overlay-opacity":"","overlay-gradient":""},"mobile":{"background-color":"","background-image":"","background-repeat":"repeat","background-position":"center center","background-size":"auto","background-attachment":"scroll","background-type":"","background-media":"","overlay-type":"","overlay-color":"","overlay-opacity":"","overlay-gradient":""}},"ast-content-background-meta":{"desktop":{"background-color":"var(--ast-global-color-5)","background-image":"","background-repeat":"repeat","background-position":"center center","background-size":"auto","background-attachment":"scroll","background-type":"","background-media":"","overlay-type":"","overlay-color":"","overlay-opacity":"","overlay-gradient":""},"tablet":{"background-color":"var(--ast-global-color-5)","background-image":"","background-repeat":"repeat","background-position":"center center","background-size":"auto","background-attachment":"scroll","background-type":"","background-media":"","overlay-type":"","overlay-color":"","overlay-opacity":"","overlay-gradient":""},"mobile":{"background-color":"var(--ast-global-color-5)","background-image":"","background-repeat":"repeat","background-position":"center center","background-size":"auto","background-attachment":"scroll","background-type":"","background-media":"","overlay-type":"","overlay-color":"","overlay-opacity":"","overlay-gradient":""}},"footnotes":""},"class_list":["post-1506","page","type-page","status-publish","hentry"],"yoast_head":"<title>CADEAUX D&#039;ENTREPRISE - DATA! The Game<\/title>\n<meta name=\"description\" content=\"Le cadeau d&#039;entreprise le plus original et le plus actuel !\" \/>\n<meta name=\"robots\" content=\"index, follow, max-snippet:-1, max-image-preview:large, max-video-preview:-1\" \/>\n<link rel=\"canonical\" href=\"https:\/\/www.data.game\/fr\/cadeaux-dentreprise\/\" \/>\n<meta property=\"og:locale\" content=\"fr_FR\" \/>\n<meta property=\"og:type\" content=\"article\" \/>\n<meta property=\"og:title\" content=\"CADEAUX D&#039;ENTREPRISE - DATA! The Game\" \/>\n<meta property=\"og:description\" content=\"Le cadeau d&#039;entreprise le plus original et le plus actuel !\" \/>\n<meta property=\"og:url\" content=\"https:\/\/www.data.game\/fr\/cadeaux-dentreprise\/\" \/>\n<meta property=\"og:site_name\" content=\"DATA! The Game\" \/>\n<meta property=\"article:modified_time\" content=\"2025-04-06T16:23:12+00:00\" \/>\n<meta property=\"og:image\" content=\"https:\/\/www.data.game\/wp-content\/uploads\/2025\/03\/Mockup-DATA-ITA-regalo.png\" \/>\n<meta name=\"twitter:card\" content=\"summary_large_image\" \/>\n<meta name=\"twitter:label1\" content=\"Dur\u00e9e de lecture estim\u00e9e\" \/>\n\t<meta name=\"twitter:data1\" content=\"1 minute\" \/>\n<script type=\"application\/ld+json\" class=\"yoast-schema-graph\">{\"@context\":\"https:\/\/schema.org\",\"@graph\":[{\"@type\":\"WebPage\",\"@id\":\"https:\/\/www.data.game\/fr\/cadeaux-dentreprise\/\",\"url\":\"https:\/\/www.data.game\/fr\/cadeaux-dentreprise\/\",\"name\":\"CADEAUX D'ENTREPRISE - DATA! The Game\",\"isPartOf\":{\"@id\":\"https:\/\/www.data.game\/fr\/#website\"},\"primaryImageOfPage\":{\"@id\":\"https:\/\/www.data.game\/fr\/cadeaux-dentreprise\/#primaryimage\"},\"image\":{\"@id\":\"https:\/\/www.data.game\/fr\/cadeaux-dentreprise\/#primaryimage\"},\"thumbnailUrl\":\"https:\/\/www.data.game\/wp-content\/uploads\/2025\/03\/Mockup-DATA-ITA-regalo.png\",\"datePublished\":\"2025-03-25T16:03:08+00:00\",\"dateModified\":\"2025-04-06T16:23:12+00:00\",\"description\":\"Le cadeau d'entreprise le plus original et le plus actuel !\",\"breadcrumb\":{\"@id\":\"https:\/\/www.data.game\/fr\/cadeaux-dentreprise\/#breadcrumb\"},\"inLanguage\":\"fr-FR\",\"potentialAction\":[{\"@type\":\"ReadAction\",\"target\":[\"https:\/\/www.data.game\/fr\/cadeaux-dentreprise\/\"]}]},{\"@type\":\"ImageObject\",\"inLanguage\":\"fr-FR\",\"@id\":\"https:\/\/www.data.game\/fr\/cadeaux-dentreprise\/#primaryimage\",\"url\":\"https:\/\/www.data.game\/wp-content\/uploads\/2025\/03\/Mockup-DATA-ITA-regalo.png\",\"contentUrl\":\"https:\/\/www.data.game\/wp-content\/uploads\/2025\/03\/Mockup-DATA-ITA-regalo.png\"},{\"@type\":\"BreadcrumbList\",\"@id\":\"https:\/\/www.data.game\/fr\/cadeaux-dentreprise\/#breadcrumb\",\"itemListElement\":[{\"@type\":\"ListItem\",\"position\":1,\"name\":\"Home\",\"item\":\"https:\/\/www.data.game\/fr\/\"},{\"@type\":\"ListItem\",\"position\":2,\"name\":\"CADEAUX D&rsquo;ENTREPRISE\"}]},{\"@type\":\"WebSite\",\"@id\":\"https:\/\/www.data.game\/fr\/#website\",\"url\":\"https:\/\/www.data.game\/fr\/\",\"name\":\"DATA! The Game\",\"description\":\"Play with data, dominate the empire\",\"publisher\":{\"@id\":\"https:\/\/www.data.game\/fr\/#organization\"},\"potentialAction\":[{\"@type\":\"SearchAction\",\"target\":{\"@type\":\"EntryPoint\",\"urlTemplate\":\"https:\/\/www.data.game\/fr\/?s={search_term_string}\"},\"query-input\":{\"@type\":\"PropertyValueSpecification\",\"valueRequired\":true,\"valueName\":\"search_term_string\"}}],\"inLanguage\":\"fr-FR\"},{\"@type\":\"Organization\",\"@id\":\"https:\/\/www.data.game\/fr\/#organization\",\"name\":\"DATA The Game\",\"url\":\"https:\/\/www.data.game\/fr\/\",\"logo\":{\"@type\":\"ImageObject\",\"inLanguage\":\"fr-FR\",\"@id\":\"https:\/\/www.data.game\/fr\/#\/schema\/logo\/image\/\",\"url\":\"https:\/\/www.data.game\/wp-content\/uploads\/2024\/12\/cropped-cropped-Logo-DATA-The-game-1000w.png\",\"contentUrl\":\"https:\/\/www.data.game\/wp-content\/uploads\/2024\/12\/cropped-cropped-Logo-DATA-The-game-1000w.png\",\"width\":998,\"height\":983,\"caption\":\"DATA The Game\"},\"image\":{\"@id\":\"https:\/\/www.data.game\/fr\/#\/schema\/logo\/image\/\"}}]}<\/script>","yoast_head_json":{"title":"CADEAUX D'ENTREPRISE - DATA! The Game","description":"Le cadeau d'entreprise le plus original et le plus actuel !","robots":{"index":"index","follow":"follow","max-snippet":"max-snippet:-1","max-image-preview":"max-image-preview:large","max-video-preview":"max-video-preview:-1"},"canonical":"https:\/\/www.data.game\/fr\/cadeaux-dentreprise\/","og_locale":"fr_FR","og_type":"article","og_title":"CADEAUX D'ENTREPRISE - DATA! The Game","og_description":"Le cadeau d'entreprise le plus original et le plus actuel !","og_url":"https:\/\/www.data.game\/fr\/cadeaux-dentreprise\/","og_site_name":"DATA! The Game","article_modified_time":"2025-04-06T16:23:12+00:00","og_image":[{"url":"https:\/\/www.data.game\/wp-content\/uploads\/2025\/03\/Mockup-DATA-ITA-regalo.png","type":"","width":"","height":""}],"twitter_card":"summary_large_image","twitter_misc":{"Dur\u00e9e de lecture estim\u00e9e":"1 minute"},"schema":{"@context":"https:\/\/schema.org","@graph":[{"@type":"WebPage","@id":"https:\/\/www.data.game\/fr\/cadeaux-dentreprise\/","url":"https:\/\/www.data.game\/fr\/cadeaux-dentreprise\/","name":"CADEAUX D'ENTREPRISE - DATA! The Game","isPartOf":{"@id":"https:\/\/www.data.game\/fr\/#website"},"primaryImageOfPage":{"@id":"https:\/\/www.data.game\/fr\/cadeaux-dentreprise\/#primaryimage"},"image":{"@id":"https:\/\/www.data.game\/fr\/cadeaux-dentreprise\/#primaryimage"},"thumbnailUrl":"https:\/\/www.data.game\/wp-content\/uploads\/2025\/03\/Mockup-DATA-ITA-regalo.png","datePublished":"2025-03-25T16:03:08+00:00","dateModified":"2025-04-06T16:23:12+00:00","description":"Le cadeau d'entreprise le plus original et le plus actuel !","breadcrumb":{"@id":"https:\/\/www.data.game\/fr\/cadeaux-dentreprise\/#breadcrumb"},"inLanguage":"fr-FR","potentialAction":[{"@type":"ReadAction","target":["https:\/\/www.data.game\/fr\/cadeaux-dentreprise\/"]}]},{"@type":"ImageObject","inLanguage":"fr-FR","@id":"https:\/\/www.data.game\/fr\/cadeaux-dentreprise\/#primaryimage","url":"https:\/\/www.data.game\/wp-content\/uploads\/2025\/03\/Mockup-DATA-ITA-regalo.png","contentUrl":"https:\/\/www.data.game\/wp-content\/uploads\/2025\/03\/Mockup-DATA-ITA-regalo.png"},{"@type":"BreadcrumbList","@id":"https:\/\/www.data.game\/fr\/cadeaux-dentreprise\/#breadcrumb","itemListElement":[{"@type":"ListItem","position":1,"name":"Home","item":"https:\/\/www.data.game\/fr\/"},{"@type":"ListItem","position":2,"name":"CADEAUX D&rsquo;ENTREPRISE"}]},{"@type":"WebSite","@id":"https:\/\/www.data.game\/fr\/#website","url":"https:\/\/www.data.game\/fr\/","name":"DATA! The Game","description":"Play with data, dominate the empire","publisher":{"@id":"https:\/\/www.data.game\/fr\/#organization"},"potentialAction":[{"@type":"SearchAction","target":{"@type":"EntryPoint","urlTemplate":"https:\/\/www.data.game\/fr\/?s={search_term_string}"},"query-input":{"@type":"PropertyValueSpecification","valueRequired":true,"valueName":"search_term_string"}}],"inLanguage":"fr-FR"},{"@type":"Organization","@id":"https:\/\/www.data.game\/fr\/#organization","name":"DATA The Game","url":"https:\/\/www.data.game\/fr\/","logo":{"@type":"ImageObject","inLanguage":"fr-FR","@id":"https:\/\/www.data.game\/fr\/#\/schema\/logo\/image\/","url":"https:\/\/www.data.game\/wp-content\/uploads\/2024\/12\/cropped-cropped-Logo-DATA-The-game-1000w.png","contentUrl":"https:\/\/www.data.game\/wp-content\/uploads\/2024\/12\/cropped-cropped-Logo-DATA-The-game-1000w.png","width":998,"height":983,"caption":"DATA The Game"},"image":{"@id":"https:\/\/www.data.game\/fr\/#\/schema\/logo\/image\/"}}]}},"_links":{"self":[{"href":"https:\/\/www.data.game\/fr\/wp-json\/wp\/v2\/pages\/1506","targetHints":{"allow":["GET"]}}],"collection":[{"href":"https:\/\/www.data.game\/fr\/wp-json\/wp\/v2\/pages"}],"about":[{"href":"https:\/\/www.data.game\/fr\/wp-json\/wp\/v2\/types\/page"}],"author":[{"embeddable":true,"href":"https:\/\/www.data.game\/fr\/wp-json\/wp\/v2\/users\/1"}],"replies":[{"embeddable":true,"href":"https:\/\/www.data.game\/fr\/wp-json\/wp\/v2\/comments?post=1506"}],"version-history":[{"count":4,"href":"https:\/\/www.data.game\/fr\/wp-json\/wp\/v2\/pages\/1506\/revisions"}],"predecessor-version":[{"id":1546,"href":"https:\/\/www.data.game\/fr\/wp-json\/wp\/v2\/pages\/1506\/revisions\/1546"}],"wp:attachment":[{"href":"https:\/\/www.data.game\/fr\/wp-json\/wp\/v2\/media?parent=1506"}],"curies":[{"name":"wp","href":"https:\/\/api.w.org\/{rel}","templated":true}]}}