{"id":1204,"date":"2025-02-19T14:43:03","date_gmt":"2025-02-19T14:43:03","guid":{"rendered":"https:\/\/www.data.game\/datathegame-contact\/"},"modified":"2025-02-21T06:57:20","modified_gmt":"2025-02-21T06:57:20","slug":"datathegame-contact","status":"publish","type":"page","link":"https:\/\/www.data.game\/fr\/datathegame-contact\/","title":{"rendered":"Contact"},"content":{"rendered":"\n\n\t<h1>\n\t\t\t\tCONTACT\n\t\t\t<\/h1>\n\t<h4>\n\t\t\t\tVous pouvez nous contacter aux fins suivantes :\n\t\t\t<\/h4>\n\t1. recevoir des informations commerciales sur la <strong>distribution du jeu de cartes<\/strong> dans vos magasins physiques et en ligne ;<br \/>\n2. si vous \u00eates <strong>journaliste<\/strong>, demander un <strong>entretien<\/strong> avec l&rsquo;inventeur du jeu ;<br \/>\n3. signaler des probl\u00e8mes ou envoyer des conseils concernant le <strong>jeu vid\u00e9o<\/strong> ;<br \/>\n4. demander des informations sur <strong>la s\u00e9curit\u00e9 du jeu de cartes<\/strong> conform\u00e9ment \u00e0 la directive europ\u00e9enne 2009\/48\/CE sur les jouets ;<br \/>\n5. demander plus d&rsquo;informations concernant la <strong>confidentialit\u00e9<\/strong> et le traitement de vos<strong> donn\u00e9es personnelles<\/strong> (et comment nous les mon\u00e9tisons&#8230;).\n<strong>Notre adresse de contact est : <a href=\"mailto:academy@istitutoprivacy.eu\">academy@istitutoprivacy.eu<\/a><\/strong><br \/>\nNotre adresse physique est : Academy Istituto Privacy S.r.l. &#8211; Piazza di San Salvatore in Lauro, 13 &#8211; 00186 Rome &#8211; Italie.\n\n","protected":false},"excerpt":{"rendered":"<p>CONTACT Vous pouvez nous contacter aux fins suivantes : 1. recevoir des informations commerciales sur la distribution du jeu de cartes dans vos magasins physiques et en ligne ; 2. si vous \u00eates journaliste, demander un entretien avec l&rsquo;inventeur du jeu ; 3. signaler des probl\u00e8mes ou envoyer des conseils concernant le jeu vid\u00e9o ; [&hellip;]<\/p>\n","protected":false},"author":1,"featured_media":0,"parent":0,"menu_order":0,"comment_status":"closed","ping_status":"closed","template":"","meta":{"site-sidebar-layout":"no-sidebar","site-content-layout":"page-builder","ast-site-content-layout":"full-width-container","site-content-style":"unboxed","site-sidebar-style":"unboxed","ast-global-header-display":"","ast-banner-title-visibility":"","ast-main-header-display":"","ast-hfb-above-header-display":"","ast-hfb-below-header-display":"","ast-hfb-mobile-header-display":"","site-post-title":"disabled","ast-breadcrumbs-content":"disabled","ast-featured-img":"disabled","footer-sml-layout":"","theme-transparent-header-meta":"enabled","adv-header-id-meta":"","stick-header-meta":"default","header-above-stick-meta":"","header-main-stick-meta":"","header-below-stick-meta":"","astra-migrate-meta-layouts":"set","ast-page-background-enabled":"default","ast-page-background-meta":{"desktop":{"background-color":"","background-image":"","background-repeat":"repeat","background-position":"center center","background-size":"auto","background-attachment":"scroll","background-type":"","background-media":"","overlay-type":"","overlay-color":"","overlay-opacity":"","overlay-gradient":""},"tablet":{"background-color":"","background-image":"","background-repeat":"repeat","background-position":"center center","background-size":"auto","background-attachment":"scroll","background-type":"","background-media":"","overlay-type":"","overlay-color":"","overlay-opacity":"","overlay-gradient":""},"mobile":{"background-color":"","background-image":"","background-repeat":"repeat","background-position":"center center","background-size":"auto","background-attachment":"scroll","background-type":"","background-media":"","overlay-type":"","overlay-color":"","overlay-opacity":"","overlay-gradient":""}},"ast-content-background-meta":{"desktop":{"background-color":"var(--ast-global-color-5)","background-image":"","background-repeat":"repeat","background-position":"center center","background-size":"auto","background-attachment":"scroll","background-type":"","background-media":"","overlay-type":"","overlay-color":"","overlay-opacity":"","overlay-gradient":""},"tablet":{"background-color":"var(--ast-global-color-5)","background-image":"","background-repeat":"repeat","background-position":"center center","background-size":"auto","background-attachment":"scroll","background-type":"","background-media":"","overlay-type":"","overlay-color":"","overlay-opacity":"","overlay-gradient":""},"mobile":{"background-color":"var(--ast-global-color-5)","background-image":"","background-repeat":"repeat","background-position":"center center","background-size":"auto","background-attachment":"scroll","background-type":"","background-media":"","overlay-type":"","overlay-color":"","overlay-opacity":"","overlay-gradient":""}},"footnotes":""},"class_list":["post-1204","page","type-page","status-publish","hentry"],"yoast_head":"<title>Contact - DATA! The Game<\/title>\n<meta name=\"robots\" content=\"index, follow, max-snippet:-1, max-image-preview:large, max-video-preview:-1\" \/>\n<link rel=\"canonical\" href=\"https:\/\/www.data.game\/fr\/datathegame-contact\/\" \/>\n<meta property=\"og:locale\" content=\"fr_FR\" \/>\n<meta property=\"og:type\" content=\"article\" \/>\n<meta property=\"og:title\" content=\"Contact - DATA! The Game\" \/>\n<meta property=\"og:description\" content=\"CONTACT Vous pouvez nous contacter aux fins suivantes : 1. recevoir des informations commerciales sur la distribution du jeu de cartes dans vos magasins physiques et en ligne ; 2. si vous \u00eates journaliste, demander un entretien avec l&rsquo;inventeur du jeu ; 3. signaler des probl\u00e8mes ou envoyer des conseils concernant le jeu vid\u00e9o ; [&hellip;]\" \/>\n<meta property=\"og:url\" content=\"https:\/\/www.data.game\/fr\/datathegame-contact\/\" \/>\n<meta property=\"og:site_name\" content=\"DATA! The Game\" \/>\n<meta property=\"article:modified_time\" content=\"2025-02-21T06:57:20+00:00\" \/>\n<meta name=\"twitter:card\" content=\"summary_large_image\" \/>\n<meta name=\"twitter:label1\" content=\"Dur\u00e9e de lecture estim\u00e9e\" \/>\n\t<meta name=\"twitter:data1\" content=\"1 minute\" \/>\n<script type=\"application\/ld+json\" class=\"yoast-schema-graph\">{\"@context\":\"https:\/\/schema.org\",\"@graph\":[{\"@type\":\"WebPage\",\"@id\":\"https:\/\/www.data.game\/fr\/datathegame-contact\/\",\"url\":\"https:\/\/www.data.game\/fr\/datathegame-contact\/\",\"name\":\"Contact - DATA! The Game\",\"isPartOf\":{\"@id\":\"https:\/\/www.data.game\/fr\/#website\"},\"datePublished\":\"2025-02-19T14:43:03+00:00\",\"dateModified\":\"2025-02-21T06:57:20+00:00\",\"breadcrumb\":{\"@id\":\"https:\/\/www.data.game\/fr\/datathegame-contact\/#breadcrumb\"},\"inLanguage\":\"fr-FR\",\"potentialAction\":[{\"@type\":\"ReadAction\",\"target\":[\"https:\/\/www.data.game\/fr\/datathegame-contact\/\"]}]},{\"@type\":\"BreadcrumbList\",\"@id\":\"https:\/\/www.data.game\/fr\/datathegame-contact\/#breadcrumb\",\"itemListElement\":[{\"@type\":\"ListItem\",\"position\":1,\"name\":\"Home\",\"item\":\"https:\/\/www.data.game\/fr\/\"},{\"@type\":\"ListItem\",\"position\":2,\"name\":\"Contact\"}]},{\"@type\":\"WebSite\",\"@id\":\"https:\/\/www.data.game\/fr\/#website\",\"url\":\"https:\/\/www.data.game\/fr\/\",\"name\":\"DATA! The Game\",\"description\":\"Play with data, dominate the empire\",\"publisher\":{\"@id\":\"https:\/\/www.data.game\/fr\/#organization\"},\"potentialAction\":[{\"@type\":\"SearchAction\",\"target\":{\"@type\":\"EntryPoint\",\"urlTemplate\":\"https:\/\/www.data.game\/fr\/?s={search_term_string}\"},\"query-input\":{\"@type\":\"PropertyValueSpecification\",\"valueRequired\":true,\"valueName\":\"search_term_string\"}}],\"inLanguage\":\"fr-FR\"},{\"@type\":\"Organization\",\"@id\":\"https:\/\/www.data.game\/fr\/#organization\",\"name\":\"DATA The Game\",\"url\":\"https:\/\/www.data.game\/fr\/\",\"logo\":{\"@type\":\"ImageObject\",\"inLanguage\":\"fr-FR\",\"@id\":\"https:\/\/www.data.game\/fr\/#\/schema\/logo\/image\/\",\"url\":\"https:\/\/www.data.game\/wp-content\/uploads\/2024\/12\/cropped-cropped-Logo-DATA-The-game-1000w.png\",\"contentUrl\":\"https:\/\/www.data.game\/wp-content\/uploads\/2024\/12\/cropped-cropped-Logo-DATA-The-game-1000w.png\",\"width\":998,\"height\":983,\"caption\":\"DATA The Game\"},\"image\":{\"@id\":\"https:\/\/www.data.game\/fr\/#\/schema\/logo\/image\/\"}}]}<\/script>","yoast_head_json":{"title":"Contact - DATA! The Game","robots":{"index":"index","follow":"follow","max-snippet":"max-snippet:-1","max-image-preview":"max-image-preview:large","max-video-preview":"max-video-preview:-1"},"canonical":"https:\/\/www.data.game\/fr\/datathegame-contact\/","og_locale":"fr_FR","og_type":"article","og_title":"Contact - DATA! The Game","og_description":"CONTACT Vous pouvez nous contacter aux fins suivantes : 1. recevoir des informations commerciales sur la distribution du jeu de cartes dans vos magasins physiques et en ligne ; 2. si vous \u00eates journaliste, demander un entretien avec l&rsquo;inventeur du jeu ; 3. signaler des probl\u00e8mes ou envoyer des conseils concernant le jeu vid\u00e9o ; [&hellip;]","og_url":"https:\/\/www.data.game\/fr\/datathegame-contact\/","og_site_name":"DATA! The Game","article_modified_time":"2025-02-21T06:57:20+00:00","twitter_card":"summary_large_image","twitter_misc":{"Dur\u00e9e de lecture estim\u00e9e":"1 minute"},"schema":{"@context":"https:\/\/schema.org","@graph":[{"@type":"WebPage","@id":"https:\/\/www.data.game\/fr\/datathegame-contact\/","url":"https:\/\/www.data.game\/fr\/datathegame-contact\/","name":"Contact - DATA! The Game","isPartOf":{"@id":"https:\/\/www.data.game\/fr\/#website"},"datePublished":"2025-02-19T14:43:03+00:00","dateModified":"2025-02-21T06:57:20+00:00","breadcrumb":{"@id":"https:\/\/www.data.game\/fr\/datathegame-contact\/#breadcrumb"},"inLanguage":"fr-FR","potentialAction":[{"@type":"ReadAction","target":["https:\/\/www.data.game\/fr\/datathegame-contact\/"]}]},{"@type":"BreadcrumbList","@id":"https:\/\/www.data.game\/fr\/datathegame-contact\/#breadcrumb","itemListElement":[{"@type":"ListItem","position":1,"name":"Home","item":"https:\/\/www.data.game\/fr\/"},{"@type":"ListItem","position":2,"name":"Contact"}]},{"@type":"WebSite","@id":"https:\/\/www.data.game\/fr\/#website","url":"https:\/\/www.data.game\/fr\/","name":"DATA! The Game","description":"Play with data, dominate the empire","publisher":{"@id":"https:\/\/www.data.game\/fr\/#organization"},"potentialAction":[{"@type":"SearchAction","target":{"@type":"EntryPoint","urlTemplate":"https:\/\/www.data.game\/fr\/?s={search_term_string}"},"query-input":{"@type":"PropertyValueSpecification","valueRequired":true,"valueName":"search_term_string"}}],"inLanguage":"fr-FR"},{"@type":"Organization","@id":"https:\/\/www.data.game\/fr\/#organization","name":"DATA The Game","url":"https:\/\/www.data.game\/fr\/","logo":{"@type":"ImageObject","inLanguage":"fr-FR","@id":"https:\/\/www.data.game\/fr\/#\/schema\/logo\/image\/","url":"https:\/\/www.data.game\/wp-content\/uploads\/2024\/12\/cropped-cropped-Logo-DATA-The-game-1000w.png","contentUrl":"https:\/\/www.data.game\/wp-content\/uploads\/2024\/12\/cropped-cropped-Logo-DATA-The-game-1000w.png","width":998,"height":983,"caption":"DATA The Game"},"image":{"@id":"https:\/\/www.data.game\/fr\/#\/schema\/logo\/image\/"}}]}},"_links":{"self":[{"href":"https:\/\/www.data.game\/fr\/wp-json\/wp\/v2\/pages\/1204","targetHints":{"allow":["GET"]}}],"collection":[{"href":"https:\/\/www.data.game\/fr\/wp-json\/wp\/v2\/pages"}],"about":[{"href":"https:\/\/www.data.game\/fr\/wp-json\/wp\/v2\/types\/page"}],"author":[{"embeddable":true,"href":"https:\/\/www.data.game\/fr\/wp-json\/wp\/v2\/users\/1"}],"replies":[{"embeddable":true,"href":"https:\/\/www.data.game\/fr\/wp-json\/wp\/v2\/comments?post=1204"}],"version-history":[{"count":3,"href":"https:\/\/www.data.game\/fr\/wp-json\/wp\/v2\/pages\/1204\/revisions"}],"predecessor-version":[{"id":1364,"href":"https:\/\/www.data.game\/fr\/wp-json\/wp\/v2\/pages\/1204\/revisions\/1364"}],"wp:attachment":[{"href":"https:\/\/www.data.game\/fr\/wp-json\/wp\/v2\/media?parent=1204"}],"curies":[{"name":"wp","href":"https:\/\/api.w.org\/{rel}","templated":true}]}}