{"id":1116,"date":"2025-01-05T23:46:45","date_gmt":"2025-01-05T23:46:45","guid":{"rendered":"https:\/\/www.data.game\/home-copy\/"},"modified":"2025-03-10T13:04:55","modified_gmt":"2025-03-10T13:04:55","slug":"home-copy","status":"publish","type":"page","link":"https:\/\/www.data.game\/fr\/","title":{"rendered":"DATA! The game"},"content":{"rendered":"\n\n\t<h1>\n\t\t\t\tCONSTRUISEZ VOTRE EMPIRE DE DONN\u00c9ES NUM\u00c9RIQUES\n\t\t\t<\/h1>\n\t<p>Aujourd&rsquo;hui, on devient riche avec les donn\u00e9es num\u00e9riques, plus qu&rsquo;avec l&rsquo;immobilier et le p\u00e9trole. Rassemblez autant de Cartes-Dataset que possible, mais attention aux amendes et aux cyberattaques. Frappez vos adversaires avec des r\u00e8gles et des plaintes, d\u00e9fendez-vous des sanctions avec un avocat. Devenez Data-Tycoon en cr\u00e9ant un empire avec des donn\u00e9es sensibles et des Data-Tr\u00e9sors.<\/p>\n\t<h4><strong><a href=\"https:\/\/www.amazon.it\/dp\/B0DZ162W3P?ref=cm_sw_r_cso_wa_apin_dp_BXAKRC4P85THJXP9WPX0&amp;ref_=cm_sw_r_cso_wa_apin_dp_BXAKRC4P85THJXP9WPX0&amp;social_share=cm_sw_r_cso_wa_apin_dp_BXAKRC4P85THJXP9WPX0\" target=\"_blank\" rel=\"noopener\">ACHETER OU OFFREZ SUR AMAZON <\/a><\/strong><\/h4>\n\n","protected":false},"excerpt":{"rendered":"<p>CONSTRUISEZ VOTRE EMPIRE DE DONN\u00c9ES NUM\u00c9RIQUES Aujourd&rsquo;hui, on devient riche avec les donn\u00e9es num\u00e9riques, plus qu&rsquo;avec l&rsquo;immobilier et le p\u00e9trole. Rassemblez autant de Cartes-Dataset que possible, mais attention aux amendes et aux cyberattaques. Frappez vos adversaires avec des r\u00e8gles et des plaintes, d\u00e9fendez-vous des sanctions avec un avocat. Devenez Data-Tycoon en cr\u00e9ant un empire avec [&hellip;]<\/p>\n","protected":false},"author":1,"featured_media":1052,"parent":0,"menu_order":0,"comment_status":"closed","ping_status":"closed","template":"","meta":{"site-sidebar-layout":"no-sidebar","site-content-layout":"page-builder","ast-site-content-layout":"full-width-container","site-content-style":"unboxed","site-sidebar-style":"unboxed","ast-global-header-display":"","ast-banner-title-visibility":"","ast-main-header-display":"","ast-hfb-above-header-display":"","ast-hfb-below-header-display":"","ast-hfb-mobile-header-display":"","site-post-title":"disabled","ast-breadcrumbs-content":"disabled","ast-featured-img":"disabled","footer-sml-layout":"","theme-transparent-header-meta":"enabled","adv-header-id-meta":"","stick-header-meta":"default","header-above-stick-meta":"","header-main-stick-meta":"","header-below-stick-meta":"","astra-migrate-meta-layouts":"set","ast-page-background-enabled":"default","ast-page-background-meta":{"desktop":{"background-color":"","background-image":"","background-repeat":"repeat","background-position":"center center","background-size":"auto","background-attachment":"scroll","background-type":"","background-media":"","overlay-type":"","overlay-color":"","overlay-opacity":"","overlay-gradient":""},"tablet":{"background-color":"","background-image":"","background-repeat":"repeat","background-position":"center center","background-size":"auto","background-attachment":"scroll","background-type":"","background-media":"","overlay-type":"","overlay-color":"","overlay-opacity":"","overlay-gradient":""},"mobile":{"background-color":"","background-image":"","background-repeat":"repeat","background-position":"center center","background-size":"auto","background-attachment":"scroll","background-type":"","background-media":"","overlay-type":"","overlay-color":"","overlay-opacity":"","overlay-gradient":""}},"ast-content-background-meta":{"desktop":{"background-color":"var(--ast-global-color-5)","background-image":"","background-repeat":"repeat","background-position":"center center","background-size":"auto","background-attachment":"scroll","background-type":"","background-media":"","overlay-type":"","overlay-color":"","overlay-opacity":"","overlay-gradient":""},"tablet":{"background-color":"var(--ast-global-color-5)","background-image":"","background-repeat":"repeat","background-position":"center center","background-size":"auto","background-attachment":"scroll","background-type":"","background-media":"","overlay-type":"","overlay-color":"","overlay-opacity":"","overlay-gradient":""},"mobile":{"background-color":"var(--ast-global-color-5)","background-image":"","background-repeat":"repeat","background-position":"center center","background-size":"auto","background-attachment":"scroll","background-type":"","background-media":"","overlay-type":"","overlay-color":"","overlay-opacity":"","overlay-gradient":""}},"footnotes":""},"class_list":["post-1116","page","type-page","status-publish","has-post-thumbnail","hentry"],"yoast_head":"<title>DATA! The game - DATA! The Game<\/title>\n<meta name=\"description\" content=\"DATA THE GAME - CONSTRUISEZ VOTRE EMPIRE DE DONN\u00c9ES NUM\u00c9RIQUES - Devenez Data-Tycoon en cr\u00e9ant un empire avec des donn\u00e9es sensibles\" \/>\n<meta name=\"robots\" content=\"index, follow, max-snippet:-1, max-image-preview:large, max-video-preview:-1\" \/>\n<link rel=\"canonical\" href=\"https:\/\/www.data.game\/fr\/\" \/>\n<meta property=\"og:locale\" content=\"fr_FR\" \/>\n<meta property=\"og:type\" content=\"article\" \/>\n<meta property=\"og:title\" content=\"DATA! The game - DATA! The Game\" \/>\n<meta property=\"og:description\" content=\"DATA THE GAME - CONSTRUISEZ VOTRE EMPIRE DE DONN\u00c9ES NUM\u00c9RIQUES - Devenez Data-Tycoon en cr\u00e9ant un empire avec des donn\u00e9es sensibles\" \/>\n<meta property=\"og:url\" content=\"https:\/\/www.data.game\/fr\/\" \/>\n<meta property=\"og:site_name\" content=\"DATA! The Game\" \/>\n<meta property=\"article:modified_time\" content=\"2025-03-10T13:04:55+00:00\" \/>\n<meta property=\"og:image\" content=\"https:\/\/www.data.game\/wp-content\/uploads\/2025\/02\/Mockup-DATA-ITA.png\" \/>\n\t<meta property=\"og:image:width\" content=\"700\" \/>\n\t<meta property=\"og:image:height\" content=\"700\" \/>\n\t<meta property=\"og:image:type\" content=\"image\/png\" \/>\n<meta name=\"twitter:card\" content=\"summary_large_image\" \/>\n<meta name=\"twitter:label1\" content=\"Dur\u00e9e de lecture estim\u00e9e\" \/>\n\t<meta name=\"twitter:data1\" content=\"2 minutes\" \/>\n<script type=\"application\/ld+json\" class=\"yoast-schema-graph\">{\"@context\":\"https:\/\/schema.org\",\"@graph\":[{\"@type\":\"WebPage\",\"@id\":\"https:\/\/www.data.game\/fr\/\",\"url\":\"https:\/\/www.data.game\/fr\/\",\"name\":\"DATA! The game - DATA! The Game\",\"isPartOf\":{\"@id\":\"https:\/\/www.data.game\/fr\/#website\"},\"primaryImageOfPage\":{\"@id\":\"https:\/\/www.data.game\/fr\/#primaryimage\"},\"image\":{\"@id\":\"https:\/\/www.data.game\/fr\/#primaryimage\"},\"thumbnailUrl\":\"https:\/\/www.data.game\/wp-content\/uploads\/2025\/02\/Mockup-DATA-ITA.png\",\"datePublished\":\"2025-01-05T23:46:45+00:00\",\"dateModified\":\"2025-03-10T13:04:55+00:00\",\"description\":\"DATA THE GAME - CONSTRUISEZ VOTRE EMPIRE DE DONN\u00c9ES NUM\u00c9RIQUES - Devenez Data-Tycoon en cr\u00e9ant un empire avec des donn\u00e9es sensibles\",\"breadcrumb\":{\"@id\":\"https:\/\/www.data.game\/fr\/#breadcrumb\"},\"inLanguage\":\"fr-FR\",\"potentialAction\":[{\"@type\":\"ReadAction\",\"target\":[\"https:\/\/www.data.game\/fr\/\"]}]},{\"@type\":\"ImageObject\",\"inLanguage\":\"fr-FR\",\"@id\":\"https:\/\/www.data.game\/fr\/#primaryimage\",\"url\":\"https:\/\/www.data.game\/wp-content\/uploads\/2025\/02\/Mockup-DATA-ITA.png\",\"contentUrl\":\"https:\/\/www.data.game\/wp-content\/uploads\/2025\/02\/Mockup-DATA-ITA.png\",\"width\":700,\"height\":700},{\"@type\":\"BreadcrumbList\",\"@id\":\"https:\/\/www.data.game\/fr\/#breadcrumb\",\"itemListElement\":[{\"@type\":\"ListItem\",\"position\":1,\"name\":\"Home\",\"item\":\"https:\/\/www.data.game\/fr\/\"},{\"@type\":\"ListItem\",\"position\":2,\"name\":\"DATA! The game\"}]},{\"@type\":\"WebSite\",\"@id\":\"https:\/\/www.data.game\/fr\/#website\",\"url\":\"https:\/\/www.data.game\/fr\/\",\"name\":\"DATA! The Game\",\"description\":\"Play with data, dominate the empire\",\"publisher\":{\"@id\":\"https:\/\/www.data.game\/fr\/#organization\"},\"potentialAction\":[{\"@type\":\"SearchAction\",\"target\":{\"@type\":\"EntryPoint\",\"urlTemplate\":\"https:\/\/www.data.game\/fr\/?s={search_term_string}\"},\"query-input\":{\"@type\":\"PropertyValueSpecification\",\"valueRequired\":true,\"valueName\":\"search_term_string\"}}],\"inLanguage\":\"fr-FR\"},{\"@type\":\"Organization\",\"@id\":\"https:\/\/www.data.game\/fr\/#organization\",\"name\":\"DATA The Game\",\"url\":\"https:\/\/www.data.game\/fr\/\",\"logo\":{\"@type\":\"ImageObject\",\"inLanguage\":\"fr-FR\",\"@id\":\"https:\/\/www.data.game\/fr\/#\/schema\/logo\/image\/\",\"url\":\"https:\/\/www.data.game\/wp-content\/uploads\/2024\/12\/cropped-cropped-Logo-DATA-The-game-1000w.png\",\"contentUrl\":\"https:\/\/www.data.game\/wp-content\/uploads\/2024\/12\/cropped-cropped-Logo-DATA-The-game-1000w.png\",\"width\":998,\"height\":983,\"caption\":\"DATA The Game\"},\"image\":{\"@id\":\"https:\/\/www.data.game\/fr\/#\/schema\/logo\/image\/\"}}]}<\/script>","yoast_head_json":{"title":"DATA! The game - DATA! The Game","description":"DATA THE GAME - CONSTRUISEZ VOTRE EMPIRE DE DONN\u00c9ES NUM\u00c9RIQUES - Devenez Data-Tycoon en cr\u00e9ant un empire avec des donn\u00e9es sensibles","robots":{"index":"index","follow":"follow","max-snippet":"max-snippet:-1","max-image-preview":"max-image-preview:large","max-video-preview":"max-video-preview:-1"},"canonical":"https:\/\/www.data.game\/fr\/","og_locale":"fr_FR","og_type":"article","og_title":"DATA! The game - DATA! The Game","og_description":"DATA THE GAME - CONSTRUISEZ VOTRE EMPIRE DE DONN\u00c9ES NUM\u00c9RIQUES - Devenez Data-Tycoon en cr\u00e9ant un empire avec des donn\u00e9es sensibles","og_url":"https:\/\/www.data.game\/fr\/","og_site_name":"DATA! The Game","article_modified_time":"2025-03-10T13:04:55+00:00","og_image":[{"width":700,"height":700,"url":"https:\/\/www.data.game\/wp-content\/uploads\/2025\/02\/Mockup-DATA-ITA.png","type":"image\/png"}],"twitter_card":"summary_large_image","twitter_misc":{"Dur\u00e9e de lecture estim\u00e9e":"2 minutes"},"schema":{"@context":"https:\/\/schema.org","@graph":[{"@type":"WebPage","@id":"https:\/\/www.data.game\/fr\/","url":"https:\/\/www.data.game\/fr\/","name":"DATA! The game - DATA! The Game","isPartOf":{"@id":"https:\/\/www.data.game\/fr\/#website"},"primaryImageOfPage":{"@id":"https:\/\/www.data.game\/fr\/#primaryimage"},"image":{"@id":"https:\/\/www.data.game\/fr\/#primaryimage"},"thumbnailUrl":"https:\/\/www.data.game\/wp-content\/uploads\/2025\/02\/Mockup-DATA-ITA.png","datePublished":"2025-01-05T23:46:45+00:00","dateModified":"2025-03-10T13:04:55+00:00","description":"DATA THE GAME - CONSTRUISEZ VOTRE EMPIRE DE DONN\u00c9ES NUM\u00c9RIQUES - Devenez Data-Tycoon en cr\u00e9ant un empire avec des donn\u00e9es sensibles","breadcrumb":{"@id":"https:\/\/www.data.game\/fr\/#breadcrumb"},"inLanguage":"fr-FR","potentialAction":[{"@type":"ReadAction","target":["https:\/\/www.data.game\/fr\/"]}]},{"@type":"ImageObject","inLanguage":"fr-FR","@id":"https:\/\/www.data.game\/fr\/#primaryimage","url":"https:\/\/www.data.game\/wp-content\/uploads\/2025\/02\/Mockup-DATA-ITA.png","contentUrl":"https:\/\/www.data.game\/wp-content\/uploads\/2025\/02\/Mockup-DATA-ITA.png","width":700,"height":700},{"@type":"BreadcrumbList","@id":"https:\/\/www.data.game\/fr\/#breadcrumb","itemListElement":[{"@type":"ListItem","position":1,"name":"Home","item":"https:\/\/www.data.game\/fr\/"},{"@type":"ListItem","position":2,"name":"DATA! The game"}]},{"@type":"WebSite","@id":"https:\/\/www.data.game\/fr\/#website","url":"https:\/\/www.data.game\/fr\/","name":"DATA! The Game","description":"Play with data, dominate the empire","publisher":{"@id":"https:\/\/www.data.game\/fr\/#organization"},"potentialAction":[{"@type":"SearchAction","target":{"@type":"EntryPoint","urlTemplate":"https:\/\/www.data.game\/fr\/?s={search_term_string}"},"query-input":{"@type":"PropertyValueSpecification","valueRequired":true,"valueName":"search_term_string"}}],"inLanguage":"fr-FR"},{"@type":"Organization","@id":"https:\/\/www.data.game\/fr\/#organization","name":"DATA The Game","url":"https:\/\/www.data.game\/fr\/","logo":{"@type":"ImageObject","inLanguage":"fr-FR","@id":"https:\/\/www.data.game\/fr\/#\/schema\/logo\/image\/","url":"https:\/\/www.data.game\/wp-content\/uploads\/2024\/12\/cropped-cropped-Logo-DATA-The-game-1000w.png","contentUrl":"https:\/\/www.data.game\/wp-content\/uploads\/2024\/12\/cropped-cropped-Logo-DATA-The-game-1000w.png","width":998,"height":983,"caption":"DATA The Game"},"image":{"@id":"https:\/\/www.data.game\/fr\/#\/schema\/logo\/image\/"}}]}},"_links":{"self":[{"href":"https:\/\/www.data.game\/fr\/wp-json\/wp\/v2\/pages\/1116","targetHints":{"allow":["GET"]}}],"collection":[{"href":"https:\/\/www.data.game\/fr\/wp-json\/wp\/v2\/pages"}],"about":[{"href":"https:\/\/www.data.game\/fr\/wp-json\/wp\/v2\/types\/page"}],"author":[{"embeddable":true,"href":"https:\/\/www.data.game\/fr\/wp-json\/wp\/v2\/users\/1"}],"replies":[{"embeddable":true,"href":"https:\/\/www.data.game\/fr\/wp-json\/wp\/v2\/comments?post=1116"}],"version-history":[{"count":19,"href":"https:\/\/www.data.game\/fr\/wp-json\/wp\/v2\/pages\/1116\/revisions"}],"predecessor-version":[{"id":1489,"href":"https:\/\/www.data.game\/fr\/wp-json\/wp\/v2\/pages\/1116\/revisions\/1489"}],"wp:featuredmedia":[{"embeddable":true,"href":"https:\/\/www.data.game\/fr\/wp-json\/wp\/v2\/media\/1052"}],"wp:attachment":[{"href":"https:\/\/www.data.game\/fr\/wp-json\/wp\/v2\/media?parent=1116"}],"curies":[{"name":"wp","href":"https:\/\/api.w.org\/{rel}","templated":true}]}}