{"id":1206,"date":"2025-02-19T14:43:03","date_gmt":"2025-02-19T14:43:03","guid":{"rendered":"https:\/\/www.data.game\/datathegame-contact\/"},"modified":"2025-02-21T07:00:22","modified_gmt":"2025-02-21T07:00:22","slug":"datathegame-contact","status":"publish","type":"page","link":"https:\/\/www.data.game\/es\/datathegame-contact\/","title":{"rendered":"CONTACTO"},"content":{"rendered":"\n\n\t<h1>\n\t\t\t\tCONTACTO\n\t\t\t<\/h1>\n\t<h4>\n\t\t\t\tPuedes contactarnos para los siguientes fines:\n\t\t\t<\/h4>\n\t1. recibir informaci\u00f3n comercial sobre <strong>la distribuci\u00f3n del juego en papel<\/strong> a trav\u00e9s de tus tiendas f\u00edsicas y online;<br \/>\n2. si eres <strong>periodista<\/strong>, solicitar una <strong>entrevista<\/strong> con el creador del juego;<br \/>\n3. informar de problemas o enviar consejos sobre el <strong>videojuego<\/strong>;<br \/>\n4. solicitar informaci\u00f3n sobre la <strong>seguridad del juego de cartas<\/strong> seg\u00fan la Directiva de Juguetes 2009\/48\/CE;<br \/>\n5. solicitar m\u00e1s informaci\u00f3n sobre la <strong>privacidad<\/strong> y el tratamiento de sus <strong>datos personales<\/strong> (y c\u00f3mo los monetizamos&#8230;).\n<strong>La direcci\u00f3n para contactarnos es: <a href=\"mailto:academy@istitutoprivacy.eu\">academy@istitutoprivacy.eu<\/a><\/strong><br \/>\nNuestra direcci\u00f3n f\u00edsica es: Academy Istituto Privacy S.r.l. &#8211; Piazza di San Salvatore in Lauro, 13 &#8211; 00186 Roma &#8211; Italia\n\n","protected":false},"excerpt":{"rendered":"<p>CONTACTO Puedes contactarnos para los siguientes fines: 1. recibir informaci\u00f3n comercial sobre la distribuci\u00f3n del juego en papel a trav\u00e9s de tus tiendas f\u00edsicas y online; 2. si eres periodista, solicitar una entrevista con el creador del juego; 3. informar de problemas o enviar consejos sobre el videojuego; 4. solicitar informaci\u00f3n sobre la seguridad del [&hellip;]<\/p>\n","protected":false},"author":1,"featured_media":0,"parent":0,"menu_order":0,"comment_status":"closed","ping_status":"closed","template":"","meta":{"site-sidebar-layout":"no-sidebar","site-content-layout":"page-builder","ast-site-content-layout":"full-width-container","site-content-style":"unboxed","site-sidebar-style":"unboxed","ast-global-header-display":"","ast-banner-title-visibility":"","ast-main-header-display":"","ast-hfb-above-header-display":"","ast-hfb-below-header-display":"","ast-hfb-mobile-header-display":"","site-post-title":"disabled","ast-breadcrumbs-content":"disabled","ast-featured-img":"disabled","footer-sml-layout":"","theme-transparent-header-meta":"enabled","adv-header-id-meta":"","stick-header-meta":"default","header-above-stick-meta":"","header-main-stick-meta":"","header-below-stick-meta":"","astra-migrate-meta-layouts":"set","ast-page-background-enabled":"default","ast-page-background-meta":{"desktop":{"background-color":"","background-image":"","background-repeat":"repeat","background-position":"center center","background-size":"auto","background-attachment":"scroll","background-type":"","background-media":"","overlay-type":"","overlay-color":"","overlay-opacity":"","overlay-gradient":""},"tablet":{"background-color":"","background-image":"","background-repeat":"repeat","background-position":"center center","background-size":"auto","background-attachment":"scroll","background-type":"","background-media":"","overlay-type":"","overlay-color":"","overlay-opacity":"","overlay-gradient":""},"mobile":{"background-color":"","background-image":"","background-repeat":"repeat","background-position":"center center","background-size":"auto","background-attachment":"scroll","background-type":"","background-media":"","overlay-type":"","overlay-color":"","overlay-opacity":"","overlay-gradient":""}},"ast-content-background-meta":{"desktop":{"background-color":"var(--ast-global-color-5)","background-image":"","background-repeat":"repeat","background-position":"center center","background-size":"auto","background-attachment":"scroll","background-type":"","background-media":"","overlay-type":"","overlay-color":"","overlay-opacity":"","overlay-gradient":""},"tablet":{"background-color":"var(--ast-global-color-5)","background-image":"","background-repeat":"repeat","background-position":"center center","background-size":"auto","background-attachment":"scroll","background-type":"","background-media":"","overlay-type":"","overlay-color":"","overlay-opacity":"","overlay-gradient":""},"mobile":{"background-color":"var(--ast-global-color-5)","background-image":"","background-repeat":"repeat","background-position":"center center","background-size":"auto","background-attachment":"scroll","background-type":"","background-media":"","overlay-type":"","overlay-color":"","overlay-opacity":"","overlay-gradient":""}},"footnotes":""},"class_list":["post-1206","page","type-page","status-publish","hentry"],"yoast_head":"<title>CONTACTO - DATA! The Game<\/title>\n<meta name=\"robots\" content=\"index, follow, max-snippet:-1, max-image-preview:large, max-video-preview:-1\" \/>\n<link rel=\"canonical\" href=\"https:\/\/www.data.game\/es\/datathegame-contact\/\" \/>\n<meta property=\"og:locale\" content=\"es_ES\" \/>\n<meta property=\"og:type\" content=\"article\" \/>\n<meta property=\"og:title\" content=\"CONTACTO - DATA! The Game\" \/>\n<meta property=\"og:description\" content=\"CONTACTO Puedes contactarnos para los siguientes fines: 1. recibir informaci\u00f3n comercial sobre la distribuci\u00f3n del juego en papel a trav\u00e9s de tus tiendas f\u00edsicas y online; 2. si eres periodista, solicitar una entrevista con el creador del juego; 3. informar de problemas o enviar consejos sobre el videojuego; 4. solicitar informaci\u00f3n sobre la seguridad del [&hellip;]\" \/>\n<meta property=\"og:url\" content=\"https:\/\/www.data.game\/es\/datathegame-contact\/\" \/>\n<meta property=\"og:site_name\" content=\"DATA! The Game\" \/>\n<meta property=\"article:modified_time\" content=\"2025-02-21T07:00:22+00:00\" \/>\n<meta name=\"twitter:card\" content=\"summary_large_image\" \/>\n<meta name=\"twitter:label1\" content=\"Tiempo de lectura\" \/>\n\t<meta name=\"twitter:data1\" content=\"1 minuto\" \/>\n<script type=\"application\/ld+json\" class=\"yoast-schema-graph\">{\"@context\":\"https:\/\/schema.org\",\"@graph\":[{\"@type\":\"WebPage\",\"@id\":\"https:\/\/www.data.game\/es\/datathegame-contact\/\",\"url\":\"https:\/\/www.data.game\/es\/datathegame-contact\/\",\"name\":\"CONTACTO - DATA! The Game\",\"isPartOf\":{\"@id\":\"https:\/\/www.data.game\/es\/#website\"},\"datePublished\":\"2025-02-19T14:43:03+00:00\",\"dateModified\":\"2025-02-21T07:00:22+00:00\",\"breadcrumb\":{\"@id\":\"https:\/\/www.data.game\/es\/datathegame-contact\/#breadcrumb\"},\"inLanguage\":\"es\",\"potentialAction\":[{\"@type\":\"ReadAction\",\"target\":[\"https:\/\/www.data.game\/es\/datathegame-contact\/\"]}]},{\"@type\":\"BreadcrumbList\",\"@id\":\"https:\/\/www.data.game\/es\/datathegame-contact\/#breadcrumb\",\"itemListElement\":[{\"@type\":\"ListItem\",\"position\":1,\"name\":\"Home\",\"item\":\"https:\/\/www.data.game\/es\/\"},{\"@type\":\"ListItem\",\"position\":2,\"name\":\"CONTACTO\"}]},{\"@type\":\"WebSite\",\"@id\":\"https:\/\/www.data.game\/es\/#website\",\"url\":\"https:\/\/www.data.game\/es\/\",\"name\":\"DATA! The Game\",\"description\":\"Play with data, dominate the empire\",\"publisher\":{\"@id\":\"https:\/\/www.data.game\/es\/#organization\"},\"potentialAction\":[{\"@type\":\"SearchAction\",\"target\":{\"@type\":\"EntryPoint\",\"urlTemplate\":\"https:\/\/www.data.game\/es\/?s={search_term_string}\"},\"query-input\":{\"@type\":\"PropertyValueSpecification\",\"valueRequired\":true,\"valueName\":\"search_term_string\"}}],\"inLanguage\":\"es\"},{\"@type\":\"Organization\",\"@id\":\"https:\/\/www.data.game\/es\/#organization\",\"name\":\"DATA The Game\",\"url\":\"https:\/\/www.data.game\/es\/\",\"logo\":{\"@type\":\"ImageObject\",\"inLanguage\":\"es\",\"@id\":\"https:\/\/www.data.game\/es\/#\/schema\/logo\/image\/\",\"url\":\"https:\/\/www.data.game\/wp-content\/uploads\/2024\/12\/cropped-cropped-Logo-DATA-The-game-1000w.png\",\"contentUrl\":\"https:\/\/www.data.game\/wp-content\/uploads\/2024\/12\/cropped-cropped-Logo-DATA-The-game-1000w.png\",\"width\":998,\"height\":983,\"caption\":\"DATA The Game\"},\"image\":{\"@id\":\"https:\/\/www.data.game\/es\/#\/schema\/logo\/image\/\"}}]}<\/script>","yoast_head_json":{"title":"CONTACTO - DATA! The Game","robots":{"index":"index","follow":"follow","max-snippet":"max-snippet:-1","max-image-preview":"max-image-preview:large","max-video-preview":"max-video-preview:-1"},"canonical":"https:\/\/www.data.game\/es\/datathegame-contact\/","og_locale":"es_ES","og_type":"article","og_title":"CONTACTO - DATA! The Game","og_description":"CONTACTO Puedes contactarnos para los siguientes fines: 1. recibir informaci\u00f3n comercial sobre la distribuci\u00f3n del juego en papel a trav\u00e9s de tus tiendas f\u00edsicas y online; 2. si eres periodista, solicitar una entrevista con el creador del juego; 3. informar de problemas o enviar consejos sobre el videojuego; 4. solicitar informaci\u00f3n sobre la seguridad del [&hellip;]","og_url":"https:\/\/www.data.game\/es\/datathegame-contact\/","og_site_name":"DATA! The Game","article_modified_time":"2025-02-21T07:00:22+00:00","twitter_card":"summary_large_image","twitter_misc":{"Tiempo de lectura":"1 minuto"},"schema":{"@context":"https:\/\/schema.org","@graph":[{"@type":"WebPage","@id":"https:\/\/www.data.game\/es\/datathegame-contact\/","url":"https:\/\/www.data.game\/es\/datathegame-contact\/","name":"CONTACTO - DATA! The Game","isPartOf":{"@id":"https:\/\/www.data.game\/es\/#website"},"datePublished":"2025-02-19T14:43:03+00:00","dateModified":"2025-02-21T07:00:22+00:00","breadcrumb":{"@id":"https:\/\/www.data.game\/es\/datathegame-contact\/#breadcrumb"},"inLanguage":"es","potentialAction":[{"@type":"ReadAction","target":["https:\/\/www.data.game\/es\/datathegame-contact\/"]}]},{"@type":"BreadcrumbList","@id":"https:\/\/www.data.game\/es\/datathegame-contact\/#breadcrumb","itemListElement":[{"@type":"ListItem","position":1,"name":"Home","item":"https:\/\/www.data.game\/es\/"},{"@type":"ListItem","position":2,"name":"CONTACTO"}]},{"@type":"WebSite","@id":"https:\/\/www.data.game\/es\/#website","url":"https:\/\/www.data.game\/es\/","name":"DATA! The Game","description":"Play with data, dominate the empire","publisher":{"@id":"https:\/\/www.data.game\/es\/#organization"},"potentialAction":[{"@type":"SearchAction","target":{"@type":"EntryPoint","urlTemplate":"https:\/\/www.data.game\/es\/?s={search_term_string}"},"query-input":{"@type":"PropertyValueSpecification","valueRequired":true,"valueName":"search_term_string"}}],"inLanguage":"es"},{"@type":"Organization","@id":"https:\/\/www.data.game\/es\/#organization","name":"DATA The Game","url":"https:\/\/www.data.game\/es\/","logo":{"@type":"ImageObject","inLanguage":"es","@id":"https:\/\/www.data.game\/es\/#\/schema\/logo\/image\/","url":"https:\/\/www.data.game\/wp-content\/uploads\/2024\/12\/cropped-cropped-Logo-DATA-The-game-1000w.png","contentUrl":"https:\/\/www.data.game\/wp-content\/uploads\/2024\/12\/cropped-cropped-Logo-DATA-The-game-1000w.png","width":998,"height":983,"caption":"DATA The Game"},"image":{"@id":"https:\/\/www.data.game\/es\/#\/schema\/logo\/image\/"}}]}},"_links":{"self":[{"href":"https:\/\/www.data.game\/es\/wp-json\/wp\/v2\/pages\/1206","targetHints":{"allow":["GET"]}}],"collection":[{"href":"https:\/\/www.data.game\/es\/wp-json\/wp\/v2\/pages"}],"about":[{"href":"https:\/\/www.data.game\/es\/wp-json\/wp\/v2\/types\/page"}],"author":[{"embeddable":true,"href":"https:\/\/www.data.game\/es\/wp-json\/wp\/v2\/users\/1"}],"replies":[{"embeddable":true,"href":"https:\/\/www.data.game\/es\/wp-json\/wp\/v2\/comments?post=1206"}],"version-history":[{"count":2,"href":"https:\/\/www.data.game\/es\/wp-json\/wp\/v2\/pages\/1206\/revisions"}],"predecessor-version":[{"id":1368,"href":"https:\/\/www.data.game\/es\/wp-json\/wp\/v2\/pages\/1206\/revisions\/1368"}],"wp:attachment":[{"href":"https:\/\/www.data.game\/es\/wp-json\/wp\/v2\/media?parent=1206"}],"curies":[{"name":"wp","href":"https:\/\/api.w.org\/{rel}","templated":true}]}}