{"id":1169,"date":"2025-02-08T16:58:30","date_gmt":"2025-02-08T16:58:30","guid":{"rendered":"https:\/\/www.data.game\/coming-soon\/"},"modified":"2025-04-04T15:21:33","modified_gmt":"2025-04-04T15:21:33","slug":"online-app","status":"publish","type":"page","link":"https:\/\/www.data.game\/es\/online-app\/","title":{"rendered":"online-app"},"content":{"rendered":"\n\n\t<h1>\n\t\t\t\tGioca online o su app\n\t\t\t<\/h1>\n\t<p>Ora puoi giocare al videogame DATA! <a href=\"https:\/\/www.data.game\/datathegame2025\/\">su PC<\/a> e su <a href=\"https:\/\/l.facebook.com\/l.php?u=http%3A%2F%2Fitunes.apple.com%2Fapp%2Fid6743417416&amp;h=AT098JC76yF6btK58OJ1sMbsb_vzuK4ZdbWJDFvmRQnMR_-krANwM42gxkdJFLSiPXeoQdfztPS1uVXwI7bx45bIxPVI0cRmeizGY0TZrVWQSdQne71ITJO1eDu1GMau1jFmbge2m8uRTaQ&amp;__tn__=%2CmH-R&amp;c[0]=AT0rrk3EgJkIRCfMSm7LiD4tLqezSTDKlCIQIUbMn5wAPvDQ_QFnTQq1pZ4q2KjN7qS1waieiuhRohmbxCaqqIQ7xgYGl5ObGNGdcWWhBN7Gj3DW0-mX6z28xAhGPjDPEOX_ovWmL9OzXhkfH4jDdo7sliPYYFYStmU6pyK1kZMgqiAjyoJMEPFwbpBw4WCTK-l6EymuW8R1F1zXku5-vdyzxWdlbg\" target=\"_blank\" rel=\"noopener\">iPhone<\/a>! La versione per Android (Google Play) sar\u00e0 disponibile prossimamente. Torna a trovarci per aggiornamenti!<\/p>\nNow you can play the videogame DATA! <a href=\"https:\/\/www.data.game\/datathegame2025\/\">on PC<\/a> and <a href=\"https:\/\/l.facebook.com\/l.php?u=http%3A%2F%2Fitunes.apple.com%2Fapp%2Fid6743417416&amp;h=AT098JC76yF6btK58OJ1sMbsb_vzuK4ZdbWJDFvmRQnMR_-krANwM42gxkdJFLSiPXeoQdfztPS1uVXwI7bx45bIxPVI0cRmeizGY0TZrVWQSdQne71ITJO1eDu1GMau1jFmbge2m8uRTaQ&amp;__tn__=%2CmH-R&amp;c[0]=AT0rrk3EgJkIRCfMSm7LiD4tLqezSTDKlCIQIUbMn5wAPvDQ_QFnTQq1pZ4q2KjN7qS1waieiuhRohmbxCaqqIQ7xgYGl5ObGNGdcWWhBN7Gj3DW0-mX6z28xAhGPjDPEOX_ovWmL9OzXhkfH4jDdo7sliPYYFYStmU6pyK1kZMgqiAjyoJMEPFwbpBw4WCTK-l6EymuW8R1F1zXku5-vdyzxWdlbg\" target=\"_blank\" rel=\"noopener\">on iPhone<\/a>! The Android version (Google Play) will be available soon. Come back for updates!<br \/>\n\u00a1Ahora puedes jugar al videojuego DATA! <a href=\"https:\/\/www.data.game\/datathegame2025\/\">en PC<\/a> y en <a href=\"https:\/\/l.facebook.com\/l.php?u=http%3A%2F%2Fitunes.apple.com%2Fapp%2Fid6743417416&amp;h=AT098JC76yF6btK58OJ1sMbsb_vzuK4ZdbWJDFvmRQnMR_-krANwM42gxkdJFLSiPXeoQdfztPS1uVXwI7bx45bIxPVI0cRmeizGY0TZrVWQSdQne71ITJO1eDu1GMau1jFmbge2m8uRTaQ&amp;__tn__=%2CmH-R&amp;c[0]=AT0rrk3EgJkIRCfMSm7LiD4tLqezSTDKlCIQIUbMn5wAPvDQ_QFnTQq1pZ4q2KjN7qS1waieiuhRohmbxCaqqIQ7xgYGl5ObGNGdcWWhBN7Gj3DW0-mX6z28xAhGPjDPEOX_ovWmL9OzXhkfH4jDdo7sliPYYFYStmU6pyK1kZMgqiAjyoJMEPFwbpBw4WCTK-l6EymuW8R1F1zXku5-vdyzxWdlbg\" target=\"_blank\" rel=\"noopener\">iPhone<\/a>! La versi\u00f3n para Android (Google Play) estar\u00e1 disponible pr\u00f3ximamente. \u00a1Vuelve pronto para m\u00e1s novedades!\n<p>Jetzt kannst du das Videospiel DATA! <a href=\"https:\/\/www.data.game\/datathegame2025\/\">auf dem PC<\/a> und auf dem <a href=\"https:\/\/l.facebook.com\/l.php?u=http%3A%2F%2Fitunes.apple.com%2Fapp%2Fid6743417416&amp;h=AT098JC76yF6btK58OJ1sMbsb_vzuK4ZdbWJDFvmRQnMR_-krANwM42gxkdJFLSiPXeoQdfztPS1uVXwI7bx45bIxPVI0cRmeizGY0TZrVWQSdQne71ITJO1eDu1GMau1jFmbge2m8uRTaQ&amp;__tn__=%2CmH-R&amp;c[0]=AT0rrk3EgJkIRCfMSm7LiD4tLqezSTDKlCIQIUbMn5wAPvDQ_QFnTQq1pZ4q2KjN7qS1waieiuhRohmbxCaqqIQ7xgYGl5ObGNGdcWWhBN7Gj3DW0-mX6z28xAhGPjDPEOX_ovWmL9OzXhkfH4jDdo7sliPYYFYStmU6pyK1kZMgqiAjyoJMEPFwbpBw4WCTK-l6EymuW8R1F1zXku5-vdyzxWdlbg\" target=\"_blank\" rel=\"noopener\">iPhone<\/a> spielen! Die Android-Version (Google Play) wird bald verf\u00fcgbar sein. Schau bald wieder vorbei f\u00fcr Updates!<\/p>\n<p>Vous pouvez d\u00e9sormais jouer au jeu vid\u00e9o DATA! <a href=\"https:\/\/www.data.game\/datathegame2025\/\">sur PC<\/a> et sur <a href=\"https:\/\/l.facebook.com\/l.php?u=http%3A%2F%2Fitunes.apple.com%2Fapp%2Fid6743417416&amp;h=AT098JC76yF6btK58OJ1sMbsb_vzuK4ZdbWJDFvmRQnMR_-krANwM42gxkdJFLSiPXeoQdfztPS1uVXwI7bx45bIxPVI0cRmeizGY0TZrVWQSdQne71ITJO1eDu1GMau1jFmbge2m8uRTaQ&amp;__tn__=%2CmH-R&amp;c[0]=AT0rrk3EgJkIRCfMSm7LiD4tLqezSTDKlCIQIUbMn5wAPvDQ_QFnTQq1pZ4q2KjN7qS1waieiuhRohmbxCaqqIQ7xgYGl5ObGNGdcWWhBN7Gj3DW0-mX6z28xAhGPjDPEOX_ovWmL9OzXhkfH4jDdo7sliPYYFYStmU6pyK1kZMgqiAjyoJMEPFwbpBw4WCTK-l6EymuW8R1F1zXku5-vdyzxWdlbg\" target=\"_blank\" rel=\"noopener\">iPhone<\/a> ! La version Android (Google Play) sera bient\u00f4t disponible. Revenez vite pour les mises \u00e0 jour !<\/p>\n\n","protected":false},"excerpt":{"rendered":"<p>Gioca online o su app Ora puoi giocare al videogame DATA! su PC e su iPhone! La versione per Android (Google Play) sar\u00e0 disponibile prossimamente. Torna a trovarci per aggiornamenti! Now you can play the videogame DATA! on PC and on iPhone! The Android version (Google Play) will be available soon. Come back for updates! [&hellip;]<\/p>\n","protected":false},"author":1,"featured_media":0,"parent":0,"menu_order":0,"comment_status":"closed","ping_status":"closed","template":"","meta":{"site-sidebar-layout":"no-sidebar","site-content-layout":"page-builder","ast-site-content-layout":"full-width-container","site-content-style":"unboxed","site-sidebar-style":"unboxed","ast-global-header-display":"","ast-banner-title-visibility":"","ast-main-header-display":"","ast-hfb-above-header-display":"","ast-hfb-below-header-display":"","ast-hfb-mobile-header-display":"","site-post-title":"disabled","ast-breadcrumbs-content":"disabled","ast-featured-img":"disabled","footer-sml-layout":"","theme-transparent-header-meta":"enabled","adv-header-id-meta":"","stick-header-meta":"default","header-above-stick-meta":"","header-main-stick-meta":"","header-below-stick-meta":"","astra-migrate-meta-layouts":"set","ast-page-background-enabled":"default","ast-page-background-meta":{"desktop":{"background-color":"","background-image":"","background-repeat":"repeat","background-position":"center center","background-size":"auto","background-attachment":"scroll","background-type":"","background-media":"","overlay-type":"","overlay-color":"","overlay-opacity":"","overlay-gradient":""},"tablet":{"background-color":"","background-image":"","background-repeat":"repeat","background-position":"center center","background-size":"auto","background-attachment":"scroll","background-type":"","background-media":"","overlay-type":"","overlay-color":"","overlay-opacity":"","overlay-gradient":""},"mobile":{"background-color":"","background-image":"","background-repeat":"repeat","background-position":"center center","background-size":"auto","background-attachment":"scroll","background-type":"","background-media":"","overlay-type":"","overlay-color":"","overlay-opacity":"","overlay-gradient":""}},"ast-content-background-meta":{"desktop":{"background-color":"var(--ast-global-color-5)","background-image":"","background-repeat":"repeat","background-position":"center center","background-size":"auto","background-attachment":"scroll","background-type":"","background-media":"","overlay-type":"","overlay-color":"","overlay-opacity":"","overlay-gradient":""},"tablet":{"background-color":"var(--ast-global-color-5)","background-image":"","background-repeat":"repeat","background-position":"center center","background-size":"auto","background-attachment":"scroll","background-type":"","background-media":"","overlay-type":"","overlay-color":"","overlay-opacity":"","overlay-gradient":""},"mobile":{"background-color":"var(--ast-global-color-5)","background-image":"","background-repeat":"repeat","background-position":"center center","background-size":"auto","background-attachment":"scroll","background-type":"","background-media":"","overlay-type":"","overlay-color":"","overlay-opacity":"","overlay-gradient":""}},"footnotes":""},"class_list":["post-1169","page","type-page","status-publish","hentry"],"yoast_head":"<title>online-app - DATA! The Game<\/title>\n<meta name=\"robots\" content=\"index, follow, max-snippet:-1, max-image-preview:large, max-video-preview:-1\" \/>\n<link rel=\"canonical\" href=\"https:\/\/www.data.game\/es\/online-app\/\" \/>\n<meta property=\"og:locale\" content=\"es_ES\" \/>\n<meta property=\"og:type\" content=\"article\" \/>\n<meta property=\"og:title\" content=\"online-app - DATA! The Game\" \/>\n<meta property=\"og:description\" content=\"Gioca online o su app Ora puoi giocare al videogame DATA! su PC e su iPhone! La versione per Android (Google Play) sar\u00e0 disponibile prossimamente. Torna a trovarci per aggiornamenti! Now you can play the videogame DATA! on PC and on iPhone! The Android version (Google Play) will be available soon. Come back for updates! [&hellip;]\" \/>\n<meta property=\"og:url\" content=\"https:\/\/www.data.game\/es\/online-app\/\" \/>\n<meta property=\"og:site_name\" content=\"DATA! The Game\" \/>\n<meta property=\"article:modified_time\" content=\"2025-04-04T15:21:33+00:00\" \/>\n<meta name=\"twitter:card\" content=\"summary_large_image\" \/>\n<meta name=\"twitter:label1\" content=\"Tiempo de lectura\" \/>\n\t<meta name=\"twitter:data1\" content=\"1 minuto\" \/>\n<script type=\"application\/ld+json\" class=\"yoast-schema-graph\">{\"@context\":\"https:\/\/schema.org\",\"@graph\":[{\"@type\":\"WebPage\",\"@id\":\"https:\/\/www.data.game\/es\/online-app\/\",\"url\":\"https:\/\/www.data.game\/es\/online-app\/\",\"name\":\"online-app - DATA! The Game\",\"isPartOf\":{\"@id\":\"https:\/\/www.data.game\/es\/#website\"},\"datePublished\":\"2025-02-08T16:58:30+00:00\",\"dateModified\":\"2025-04-04T15:21:33+00:00\",\"breadcrumb\":{\"@id\":\"https:\/\/www.data.game\/es\/online-app\/#breadcrumb\"},\"inLanguage\":\"es\",\"potentialAction\":[{\"@type\":\"ReadAction\",\"target\":[\"https:\/\/www.data.game\/es\/online-app\/\"]}]},{\"@type\":\"BreadcrumbList\",\"@id\":\"https:\/\/www.data.game\/es\/online-app\/#breadcrumb\",\"itemListElement\":[{\"@type\":\"ListItem\",\"position\":1,\"name\":\"Home\",\"item\":\"https:\/\/www.data.game\/es\/\"},{\"@type\":\"ListItem\",\"position\":2,\"name\":\"online-app\"}]},{\"@type\":\"WebSite\",\"@id\":\"https:\/\/www.data.game\/es\/#website\",\"url\":\"https:\/\/www.data.game\/es\/\",\"name\":\"DATA! The Game\",\"description\":\"Play with data, dominate the empire\",\"publisher\":{\"@id\":\"https:\/\/www.data.game\/es\/#organization\"},\"potentialAction\":[{\"@type\":\"SearchAction\",\"target\":{\"@type\":\"EntryPoint\",\"urlTemplate\":\"https:\/\/www.data.game\/es\/?s={search_term_string}\"},\"query-input\":{\"@type\":\"PropertyValueSpecification\",\"valueRequired\":true,\"valueName\":\"search_term_string\"}}],\"inLanguage\":\"es\"},{\"@type\":\"Organization\",\"@id\":\"https:\/\/www.data.game\/es\/#organization\",\"name\":\"DATA The Game\",\"url\":\"https:\/\/www.data.game\/es\/\",\"logo\":{\"@type\":\"ImageObject\",\"inLanguage\":\"es\",\"@id\":\"https:\/\/www.data.game\/es\/#\/schema\/logo\/image\/\",\"url\":\"https:\/\/www.data.game\/wp-content\/uploads\/2024\/12\/cropped-cropped-Logo-DATA-The-game-1000w.png\",\"contentUrl\":\"https:\/\/www.data.game\/wp-content\/uploads\/2024\/12\/cropped-cropped-Logo-DATA-The-game-1000w.png\",\"width\":998,\"height\":983,\"caption\":\"DATA The Game\"},\"image\":{\"@id\":\"https:\/\/www.data.game\/es\/#\/schema\/logo\/image\/\"}}]}<\/script>","yoast_head_json":{"title":"online-app - DATA! The Game","robots":{"index":"index","follow":"follow","max-snippet":"max-snippet:-1","max-image-preview":"max-image-preview:large","max-video-preview":"max-video-preview:-1"},"canonical":"https:\/\/www.data.game\/es\/online-app\/","og_locale":"es_ES","og_type":"article","og_title":"online-app - DATA! The Game","og_description":"Gioca online o su app Ora puoi giocare al videogame DATA! su PC e su iPhone! La versione per Android (Google Play) sar\u00e0 disponibile prossimamente. Torna a trovarci per aggiornamenti! Now you can play the videogame DATA! on PC and on iPhone! The Android version (Google Play) will be available soon. Come back for updates! [&hellip;]","og_url":"https:\/\/www.data.game\/es\/online-app\/","og_site_name":"DATA! The Game","article_modified_time":"2025-04-04T15:21:33+00:00","twitter_card":"summary_large_image","twitter_misc":{"Tiempo de lectura":"1 minuto"},"schema":{"@context":"https:\/\/schema.org","@graph":[{"@type":"WebPage","@id":"https:\/\/www.data.game\/es\/online-app\/","url":"https:\/\/www.data.game\/es\/online-app\/","name":"online-app - DATA! The Game","isPartOf":{"@id":"https:\/\/www.data.game\/es\/#website"},"datePublished":"2025-02-08T16:58:30+00:00","dateModified":"2025-04-04T15:21:33+00:00","breadcrumb":{"@id":"https:\/\/www.data.game\/es\/online-app\/#breadcrumb"},"inLanguage":"es","potentialAction":[{"@type":"ReadAction","target":["https:\/\/www.data.game\/es\/online-app\/"]}]},{"@type":"BreadcrumbList","@id":"https:\/\/www.data.game\/es\/online-app\/#breadcrumb","itemListElement":[{"@type":"ListItem","position":1,"name":"Home","item":"https:\/\/www.data.game\/es\/"},{"@type":"ListItem","position":2,"name":"online-app"}]},{"@type":"WebSite","@id":"https:\/\/www.data.game\/es\/#website","url":"https:\/\/www.data.game\/es\/","name":"DATA! The Game","description":"Play with data, dominate the empire","publisher":{"@id":"https:\/\/www.data.game\/es\/#organization"},"potentialAction":[{"@type":"SearchAction","target":{"@type":"EntryPoint","urlTemplate":"https:\/\/www.data.game\/es\/?s={search_term_string}"},"query-input":{"@type":"PropertyValueSpecification","valueRequired":true,"valueName":"search_term_string"}}],"inLanguage":"es"},{"@type":"Organization","@id":"https:\/\/www.data.game\/es\/#organization","name":"DATA The Game","url":"https:\/\/www.data.game\/es\/","logo":{"@type":"ImageObject","inLanguage":"es","@id":"https:\/\/www.data.game\/es\/#\/schema\/logo\/image\/","url":"https:\/\/www.data.game\/wp-content\/uploads\/2024\/12\/cropped-cropped-Logo-DATA-The-game-1000w.png","contentUrl":"https:\/\/www.data.game\/wp-content\/uploads\/2024\/12\/cropped-cropped-Logo-DATA-The-game-1000w.png","width":998,"height":983,"caption":"DATA The Game"},"image":{"@id":"https:\/\/www.data.game\/es\/#\/schema\/logo\/image\/"}}]}},"_links":{"self":[{"href":"https:\/\/www.data.game\/es\/wp-json\/wp\/v2\/pages\/1169","targetHints":{"allow":["GET"]}}],"collection":[{"href":"https:\/\/www.data.game\/es\/wp-json\/wp\/v2\/pages"}],"about":[{"href":"https:\/\/www.data.game\/es\/wp-json\/wp\/v2\/types\/page"}],"author":[{"embeddable":true,"href":"https:\/\/www.data.game\/es\/wp-json\/wp\/v2\/users\/1"}],"replies":[{"embeddable":true,"href":"https:\/\/www.data.game\/es\/wp-json\/wp\/v2\/comments?post=1169"}],"version-history":[{"count":2,"href":"https:\/\/www.data.game\/es\/wp-json\/wp\/v2\/pages\/1169\/revisions"}],"predecessor-version":[{"id":1542,"href":"https:\/\/www.data.game\/es\/wp-json\/wp\/v2\/pages\/1169\/revisions\/1542"}],"wp:attachment":[{"href":"https:\/\/www.data.game\/es\/wp-json\/wp\/v2\/media?parent=1169"}],"curies":[{"name":"wp","href":"https:\/\/api.w.org\/{rel}","templated":true}]}}