{"id":1132,"date":"2025-02-08T16:48:00","date_gmt":"2025-02-08T16:48:00","guid":{"rendered":"https:\/\/www.data.game\/come-si-gioca\/"},"modified":"2025-02-21T09:37:47","modified_gmt":"2025-02-21T09:37:47","slug":"como-se-juega","status":"publish","type":"page","link":"https:\/\/www.data.game\/es\/como-se-juega\/","title":{"rendered":"C\u00d3MO SE JUEGA"},"content":{"rendered":"\n\n\t<h1>\n\t\t\t\tC\u00d3MO SE JUEGA\n\t\t\t<\/h1>\n\t\t\t\t<img decoding=\"async\" src=\"https:\/\/www.data.game\/wp-content\/uploads\/2025\/01\/Banner-carte-1.jpg\" alt=\"Banner carte 1\" title=\"Banner carte 1\" itemprop=\"image\"\/>\n\t<h4>\n\t\t\t\tC\u00d3MO SE JUEGA\n\t\t\t<\/h4>\n\t<p>Al reunir m\u00faltiples Cartas-Dataset, especialmente si son sensibles, crea tu Data-Tesoro para una finalidad empresarial y de innovaci\u00f3n. Cada Data-Tesoro puede explotarse con fines de investigaci\u00f3n, marketing, elaboraci\u00f3n de perfiles, entrenamiento de Inteligencia Artificial y otros fines \u00fatiles. Quien logre crear m\u00e1s Data-Tesoros ganar\u00e1 el juego y obtendr\u00e1 el t\u00edtulo de Data-Tycoon. Sin embargo, \u00a1cuidado! Los ciberataques y las sanciones acechan y podr\u00edan derribar incluso al m\u00e1s poderoso de los emperadores de datos.<\/p>\n\t\t\t\t<img decoding=\"async\" src=\"https:\/\/www.data.game\/wp-content\/uploads\/2025\/01\/Banner-carte-2.jpg\" alt=\"Banner carte 2\" title=\"Banner carte 2\" itemprop=\"image\"\/>\n\t<h4>\n\t\t\t\tREGLAS DEL JUEGO\n\t\t\t<\/h4>\n\t<p>Un jugador baraja cuidadosamente las 120 cartas (o menos si se juega sin algunas Cartas Especiales) y las coloca en el centro de la mesa, boca abajo. Luego, se disponen tambi\u00e9n 5 cartas sobre la mesa, descubiertas (si alguna de las cartas colocadas sobre la mesa es una Carta Especial, permanecer\u00e1 all\u00ed hasta el final de la partida). Cada jugador saca 3 cartas del mazo, manteni\u00e9ndolas boca abajo. El juego comienza con el primer movimiento del jugador a la izquierda del jugador que baraj\u00f3 las cartas, y luego se contin\u00faa en el sentido de las agujas del reloj. <\/p>\n\t<h4>\n\t\t\t\tACCIONES DEL JUEGO \n\t\t\t<\/h4>\n\t<p>1. Con las cartas sacadas de la baraja, coge de la mesa Cartas-Dataset del mismo signo o del mismo color<\/p>\n<p>2. Si obtienes una Carta-Finalidad, exclama inmediatamente en voz alta \u00ab\u00a1DATA!\u00bb y empieza a crear un Data-Tesoro<\/p>\n<p>3. Ataca a tus adversarios con una Carta-Sanci\u00f3n o defi\u00e9ndete utilizando una Carta-Abogado<\/p>\n<p>4. \u00a1Gana con el mayor n\u00famero de Data-Tesoros y Cartas Dataset Sensibles, y convi\u00e9rtete en Data-Tycoon!<\/p>\n\t<p><strong>En su turno, cada jugador:<\/strong><\/p>\n\t<p><strong>\u00a0<\/strong><\/p>\n<ol>\n<li><strong>puede coger de la mesa una Carta-Dataset Sensible [SENSITIVE] del mismo signo (por ejemplo, Carta-Dataset salud) o del mismo color que la que est\u00e9 jugando (ya sea una Carta-Dataset Sensible [SENSITIVE] o una Carta-Dataset Simple), y colocar ambas cartas aparte, cerca de \u00e9l, para acumular Cartas-Dataset simples y Sensibles [SENSITIVE], con el objetivo de formar Data-Tesoros. Por ejemplo, con una Carta-Dataset simple verde se puede coger una Carta-Dataset Sensible [SENSITIVE] verde, y viceversa; o tambi\u00e9n, con una Carta-Dataset Sensible [SENSITIVE] salud (estetoscopio) roja se puede coger una Carta-Dataset Sensible [SENSITIVE] salud (estetoscopio) verde. Cada jugador mantiene todas las cartas que ha cogido cerca de \u00e9l, para que sus adversarios puedan verlas; <\/strong><\/li>\n<li><strong>cuando, entre otras cartas, el jugador saca una Carta-Finalidad [PURPOSE], deber\u00e1 decir en voz alta \u00ab\u00a1DATA!\u00bb tan pronto como llegue su turno. A continuaci\u00f3n, podr\u00e1 colocarla a un lado del mazo (para formar un Data-Tesoro inmediatamente o en turnos posteriores) o, como alternativa, podr\u00e1 jugarla contra su adversario poni\u00e9ndola sobre la mesa; <\/strong><\/li>\n<\/ol>\n<p><em>Ten en cuenta: <\/em><\/p>\n<ul>\n<li><em>un Data-Tesoro se compone de al menos 6 Cartas-Dataset del mismo tipo (por ejemplo, Cartas-Dataset Sensibles [SENSITIVE], incluso de distintos colores) y\/o color + 1 Carta-Finalidad (incluso cogida en turnos anteriores);<\/em><\/li>\n<li><em>los Data-Tesoros se colocan en mazos separados junto al mazo del jugador, con la Carta-Finalidad visible para los adversarios;<\/em><\/li>\n<li><em>no es obligatorio crear Data-Tesoros asign\u00e1ndoles Cartas-Dataset: la elecci\u00f3n depende de la t\u00e1ctica del jugador (pero cuidado con los ataques con Cartas-Minimizaci\u00f3n y Cartas-Reclamaci\u00f3n, ya que afectar\u00e1n a las Cartas-Dataset que a\u00fan no hayan sido asignadas a Data-Tesoros).<\/em><\/li>\n<\/ul>\n<ol start=\"3\">\n<li><strong>puedes usar una carta especial &#8211; por ejemplo, una Carta- Sanci\u00f3n [SANCTION] o una Carta-Abogado [LAWYER] &#8211; seg\u00fan las reglas, coloc\u00e1ndola aparte o poni\u00e9ndola sobre la mesa (donde permanecer\u00e1 hasta el final de la partida: es aconsejable apilar las cartas especiales jugadas una encima de otra a un lado de la mesa general para que no ocupen espacio de juego);<\/strong><\/li>\n<li><strong>si no se pueden coger cartas de la mesa ni usar cartas especiales, el jugador puede poner sobre la mesa una carta de su elecci\u00f3n.<\/strong><\/li>\n<\/ol>\n\t<p><strong><u>Un consejo: para aprender al principio, puedes jugar de una forma m\u00e1s sencilla, utilizando s\u00f3lo las Cartas-Finalidad [PURPOSE] sin las dem\u00e1s cartas especiales. Luego, poco a poco, \u00a1podr\u00e1s complicar el juego! Como primera ampliaci\u00f3n, se recomienda a\u00f1adir s\u00f3lo las Cartas-Abogado [LAWYER] y las Cartas-Sanci\u00f3n [SANCTION]. Seguidamente, tambi\u00e9n puedes a\u00f1adir las Cartas-Cybersecurity y las Cartas-Databreach. Cuando ya seas un jugador experto, puedes subir el nivel a\u00f1adiendo m\u00e1s cartas especiales opcionales&#8230;<\/u><\/strong><\/p>\n\t<h4>\n\t\t\t\tQUI\u00c9N GANA \n\t\t\t<\/h4>\n\t<p>Del mismo modo que en el juego de la Escoba, gana y se convierte en Data-Tycoon el jugador que haya formado el mayor n\u00famero de Data-Tesoros haciendo los mejores negocios l\u00edcitos con los datasets recopilados. Ante el mismo n\u00famero de Data-Tesoros por parte de varios jugadores, gana el que tenga m\u00e1s Cartas-Dataset Sensibles [SENSITIVE] (salud, amor, datos biom\u00e9tricos, datos gen\u00e9ticos, opiniones pol\u00edticas, creencias religiosas o filos\u00f3ficas y datos judiciales). Ante el mismo n\u00famero de Cartas-Dataset Sensibles [SENSITIVE], ganar\u00e1 quien tenga m\u00e1s Cartas-Dataset en total. El juego termina cuando no queden m\u00e1s cartas por repartir y los jugadores se hayan quedado sin cartas que jugar: las 3 \u00faltimas cartas (o 2 o 1, seg\u00fan el excedente de cartas que quede) se reparten al jugador de turno, aunque los dem\u00e1s jugadores se queden sin cartas. <\/p>\n<p>Atenci\u00f3n: en cuanto termine la partida, no se podr\u00e1n crear m\u00e1s Data-Tesoros (si un jugador, pudiendo hacerlo, no ha asignado sus Cartas-Dataset a uno o m\u00e1s Data-Tesoros, ya no podr\u00e1 hacerlo cuando haya terminado la partida).<\/p>\n\t<h4>\n\t\t\t\tCartas dataset\n\t\t\t<\/h4>\n\t<p>Las <strong>85 Cartas-Dataset <\/strong>se componen de <strong>35 Cartas-Dataset simples<\/strong> y <strong>50 Cartas-Dataset Sensibles<\/strong> <strong>[SENSITIVE] <\/strong>(7 cartas salud, 8 cartas amor, 8 cartas datos biom\u00e9tricos, 8 cartas datos gen\u00e9ticos, 7 cartas opiniones pol\u00edticas, 7 cartas creencias religiosas o filos\u00f3ficas y 5 cartas datos judiciales).<\/p>\n<p>Las Cartas-Dataset se dividen en <strong>5 colores distintos: rojo, azul, amarillo, verde y fucsia<\/strong>. Las Cartas-Dataset Sensibles <strong>[SENSITIVE] <\/strong>tienen estos iconos: cartas salud (estetoscopio), cartas amor (coraz\u00f3n atravesado), cartas datos biom\u00e9tricos (huella dactilar), cartas datos gen\u00e9ticos (h\u00e9lice de ADN con forma de caramelo), cartas opiniones pol\u00edticas (banderas de izquierda\/derecha), cartas creencias personales (flor de loto), cartas datos judiciales (martillo del juez).<\/p>\n\t<h4>\n\t\t\t\tCartas especiales\n\t\t\t<\/h4>\n\t<p>Las 35 cartas especiales se componen de las siguientes 25 b\u00e1sicas y 10 <em>opcionales<\/em>:<\/p>\n<p>&#8211; <strong>9 Cartas-Finalidad [PURPOSE]<\/strong>: quien saque una del mazo general debe decir inmediatamente en voz alta, cuando llegue su turno, \u00ab\u00a1<strong>DATA!<\/strong>\u00ab. Si dice lo que tiene que decir, este tipo de tarjeta permite a quien la saca destinar sus datasets a una de las 9 finalidades predeterminadas de explotaci\u00f3n de los datos (marketing directo, servicios inteligentes, elaboraci\u00f3n de perfiles, exportaci\u00f3n internacional, investigaci\u00f3n cient\u00edfica, entrenamiento de Inteligencia Artificial, geolocalizaci\u00f3n, medicina personalizada y propaganda pol\u00edtica), creando o empezando a crear 1 Data-Tesoro. Si no dice inmediatamente \u00ab\u00a1<strong>DATA!<\/strong>\u00ab, pierde la oportunidad y tiene que dejar la carta sobre la mesa. Sin al menos 1 de estas Cartas-Finalidad y 6 Cartas-Dataset del mismo color o del mismo tipo, no se puede crear un Data-Tesoro. Las Cartas-Finalidad tambi\u00e9n pueden utilizarse, de forma alternativa poni\u00e9ndolas sobre la mesa contra el adversario para impedir que \u00e9ste pueda usar 3 Cartas-Dataset para formar un Data-Tesoro (de esta forma 3 cartas del adversario, a elecci\u00f3n de \u00e9ste, afectadas por la Carta-Finalidad, quedan \u00abcongeladas\u00bb y s\u00f3lo cuentan para el recuento de las Cartas-Dataset, pero no pueden formar Data-Tesoros).<\/p>\n<p>&nbsp;<\/p>\n<p><strong>Para entenderlo mejor: \u00bfc\u00f3mo se juega una Carta-Finalidad [PURPOSE] para formar un Data-Tesoro?<\/strong> En tu turno, juegas una Carta-Finalidad que hayas sacado del mazo general (diciendo \u00ab\u00a1<strong>DATA!<\/strong>\u00bb en voz alta) y coloc\u00e1ndola a un lado de tu mazo en lugar de sobre la mesa. Las Cartas-Finalidad, despu\u00e9s de decir \u00ab\u00a1<strong>DATA!<\/strong>\u00ab, se colocan siempre a un lado, separadas del resto de las Cartas-Dataset acumuladas, a medida que se van recogiendo. Se comprueba durante el juego -sin tener que esperar el turno- si ya se tienen al menos 6 Cartas-Dataset Sensibles [SENSITIVE] (aunque sean de distinto color) y\/o 6 Cartas-Dataset simples o Cartas-Dataset -Sensibles [SENSITIVE] aunque sean distintas entre s\u00ed pero del mismo color: si se tienen, se forma un Data-Tesoro, que se guardar\u00e1 aparte, separado y emparejado con la Carta-Finalidad dedicada. Si a\u00fan no tienes suficientes Cartas-Dataset, sigues jugando hasta que puedas formar un Data-Tesoro con cada Carta-Finalidad recogida. Un Data-Tesoro podr\u00eda estar formado, por ejemplo, por 6 Cartas-Dataset Sensibles [SENSITIVE], incluso de distinto color, o por 6 Cartas-Dataset, Sensibles [SENSITIVE] o simples, pero todas del mismo color.<\/p>\n<p>&nbsp;<\/p>\n<p>&#8211;\u00a0 <strong>4<\/strong> <strong>Cartas-Sanci\u00f3n [SANCTION]: <\/strong>se pueden utilizar poniendo una de ellas sobre la mesa contra un adversario. Provocan la p\u00e9rdida de todos los Data-Tesoros, que deben devolverse al mazo general.<\/p>\n<p>&#8211;\u00a0 <strong>4<\/strong> <strong>Cartas-Abogado [LAWYER]: <\/strong>se pueden utilizar poniendo una de ellas sobre la mesa, para neutralizar un ataque recibido con una Carta-Sanci\u00f3n o con una Carta-Reclamaci\u00f3n. Si sacas una de estas cartas del mazo, puedes dejarla a un lado, para utilizarla m\u00e1s tarde para defenderte de un ataque recibido con una Carta-Sanci\u00f3n.<\/p>\n<p>&nbsp;<\/p>\n<p>&#8211; <strong>2 Cartas-Transparencia [TRANSPARENCY]<\/strong>: se pueden utilizar contra un adversario para obligarle a jugar con sus cartas descubiertas durante 3 turnos consecutivos. Para jugar una Carta-Transparencia, se pone sobre la mesa, donde permanecer\u00e1 hasta el final de la partida. Esta carta tambi\u00e9n se puede guardar aparte con el fin de utilizarla en el futuro para neutralizar un ataque recibido con Cartas-Transparencia, ech\u00e1ndola sobre la mesa en respuesta al ataque;<\/p>\n<p>&#8211; <strong>3 Cartas-Cibersecurity<\/strong>: se pueden utilizar para neutralizar una data-breach, impidiendo sus efectos, poniendo una de estas cartas sobre la mesa. Quien saca una de estas cartas del mazo puede dejarla a un lado con el fin de utilizarla m\u00e1s tarde para neutralizar una data-breach.<\/p>\n<p>&#8211; <strong>3 Cartas-Databreach<\/strong>: quien saque una del mazo general deber\u00e1 decir en voz alta inmediatamente, cuando llegue su turno,<\/p>\n\t<h4>\n\t\t\t\tCARTAS ESPECIALES OPCIONALES \n\t\t\t<\/h4>\n\t<p>&nbsp;<\/p>\n<p>&#8211; <strong>3 Cartas-Consentimiento [CONSENT]<\/strong>: permiten a quien posea una duplicar un Data-Tesoro, creando dos de al menos 3 cartas cada uno: en este caso se juega la carta coloc\u00e1ndola junto a la propia colecci\u00f3n de Data-Tesoros (o junto al propio mazo si a\u00fan no se tiene ning\u00fan Data-Tesoro, a la espera de formar uno). Como alternativa, esta carta tambi\u00e9n se puede guardar aparte con el fin de utilizarla en el futuro para neutralizar un ataque recibido con una Carta-Reclamaci\u00f3n, poni\u00e9ndola sobre la mesa , donde permanecer\u00e1 hasta el final de la partida;<\/p>\n<p>&#8211; <strong>3-Cartas-Minimizaci\u00f3n [MINIMIZATION]<\/strong>: se pueden utilizar contra un adversario poniendo una de ellas sobre la mesa, para forzar la devoluci\u00f3n al mazo general de todas las Cartas-Dataset (simples o Sensibles) que a\u00fan no se hayan asignado a Data-Tesoros. Como alternativa, la Carta-Minimizaci\u00f3n tambi\u00e9n se puede guardar aparte con el fin de utilizarla en el futuro para neutralizar un ataque recibido con otra Carta-Minimizaci\u00f3n, echando una de estas cartas sobre la mesa en respuesta al ataque;<\/p>\n<p>&#8211; <strong>2 Cartas-Tiempo [TIME]<\/strong>: se pueden utilizar contra un adversario, poniendo una de ellas sobre la mesa, para obligarle a devolver al mazo general 6 cartas dataset o un Data-Tesoro en un plazo de 10 minutos, si el adversario no saca una nueva Carta-Finalidad [PURPOSE] o una nueva Carta-Consentimiento. Este tipo de carta tambi\u00e9n se puede guardar aparte con el fin de utilizarla en el futuro para neutralizar un ataque recibido con Cartas-Tiempo, poni\u00e9ndola sobre la mesa en respuesta al ataque;<\/p>\n<p>&#8211; <strong>2-Cartas-Reclamaci\u00f3n [COMPLAINT]<\/strong>: se pueden utilizar contra un adversario, poniendo una de ellas sobre la mesa, para obligarle a devolver al mazo general 3 Cartas-Dataset (simples o Sensibles) que a\u00fan no se hayan asignado a Data-Tesoros.<\/p>\n<p>&nbsp;<\/p>\n<p>&nbsp;<\/p>\n<p>&nbsp;<\/p>\n\t<h4>\n\t\t\t\t\u00a1Esperamos que te diviertas y te damos las gracias por haber elegido nuestro juego!\n\t\t\t<\/h4>\n\n","protected":false},"excerpt":{"rendered":"<p>C\u00d3MO SE JUEGA C\u00d3MO SE JUEGA Al reunir m\u00faltiples Cartas-Dataset, especialmente si son sensibles, crea tu Data-Tesoro para una finalidad empresarial y de innovaci\u00f3n. Cada Data-Tesoro puede explotarse con fines de investigaci\u00f3n, marketing, elaboraci\u00f3n de perfiles, entrenamiento de Inteligencia Artificial y otros fines \u00fatiles. Quien logre crear m\u00e1s Data-Tesoros ganar\u00e1 el juego y obtendr\u00e1 el [&hellip;]<\/p>\n","protected":false},"author":1,"featured_media":0,"parent":0,"menu_order":0,"comment_status":"closed","ping_status":"closed","template":"","meta":{"site-sidebar-layout":"no-sidebar","site-content-layout":"page-builder","ast-site-content-layout":"full-width-container","site-content-style":"unboxed","site-sidebar-style":"unboxed","ast-global-header-display":"","ast-banner-title-visibility":"","ast-main-header-display":"","ast-hfb-above-header-display":"","ast-hfb-below-header-display":"","ast-hfb-mobile-header-display":"","site-post-title":"disabled","ast-breadcrumbs-content":"disabled","ast-featured-img":"disabled","footer-sml-layout":"","theme-transparent-header-meta":"enabled","adv-header-id-meta":"","stick-header-meta":"default","header-above-stick-meta":"","header-main-stick-meta":"","header-below-stick-meta":"","astra-migrate-meta-layouts":"set","ast-page-background-enabled":"default","ast-page-background-meta":{"desktop":{"background-color":"","background-image":"","background-repeat":"repeat","background-position":"center center","background-size":"auto","background-attachment":"scroll","background-type":"","background-media":"","overlay-type":"","overlay-color":"","overlay-opacity":"","overlay-gradient":""},"tablet":{"background-color":"","background-image":"","background-repeat":"repeat","background-position":"center center","background-size":"auto","background-attachment":"scroll","background-type":"","background-media":"","overlay-type":"","overlay-color":"","overlay-opacity":"","overlay-gradient":""},"mobile":{"background-color":"","background-image":"","background-repeat":"repeat","background-position":"center center","background-size":"auto","background-attachment":"scroll","background-type":"","background-media":"","overlay-type":"","overlay-color":"","overlay-opacity":"","overlay-gradient":""}},"ast-content-background-meta":{"desktop":{"background-color":"var(--ast-global-color-5)","background-image":"","background-repeat":"repeat","background-position":"center center","background-size":"auto","background-attachment":"scroll","background-type":"","background-media":"","overlay-type":"","overlay-color":"","overlay-opacity":"","overlay-gradient":""},"tablet":{"background-color":"var(--ast-global-color-5)","background-image":"","background-repeat":"repeat","background-position":"center center","background-size":"auto","background-attachment":"scroll","background-type":"","background-media":"","overlay-type":"","overlay-color":"","overlay-opacity":"","overlay-gradient":""},"mobile":{"background-color":"var(--ast-global-color-5)","background-image":"","background-repeat":"repeat","background-position":"center center","background-size":"auto","background-attachment":"scroll","background-type":"","background-media":"","overlay-type":"","overlay-color":"","overlay-opacity":"","overlay-gradient":""}},"footnotes":""},"class_list":["post-1132","page","type-page","status-publish","hentry"],"yoast_head":"<title>C\u00d3MO SE JUEGA - DATA! The Game<\/title>\n<meta name=\"description\" content=\"Al reunir m\u00faltiples Cartas-Dataset, especialmente si son sensibles, crea tu Data-Tesoro para una finalidad empresarial y de innovaci\u00f3n.\" \/>\n<meta name=\"robots\" content=\"index, follow, max-snippet:-1, max-image-preview:large, max-video-preview:-1\" \/>\n<link rel=\"canonical\" href=\"https:\/\/www.data.game\/es\/como-se-juega\/\" \/>\n<meta property=\"og:locale\" content=\"es_ES\" \/>\n<meta property=\"og:type\" content=\"article\" \/>\n<meta property=\"og:title\" content=\"C\u00d3MO SE JUEGA - DATA! The Game\" \/>\n<meta property=\"og:description\" content=\"Al reunir m\u00faltiples Cartas-Dataset, especialmente si son sensibles, crea tu Data-Tesoro para una finalidad empresarial y de innovaci\u00f3n.\" \/>\n<meta property=\"og:url\" content=\"https:\/\/www.data.game\/es\/como-se-juega\/\" \/>\n<meta property=\"og:site_name\" content=\"DATA! The Game\" \/>\n<meta property=\"article:modified_time\" content=\"2025-02-21T09:37:47+00:00\" \/>\n<meta property=\"og:image\" content=\"https:\/\/www.data.game\/wp-content\/uploads\/2025\/01\/Banner-carte-1.jpg\" \/>\n<meta name=\"twitter:card\" content=\"summary_large_image\" \/>\n<meta name=\"twitter:label1\" content=\"Tiempo de lectura\" \/>\n\t<meta name=\"twitter:data1\" content=\"11 minutos\" \/>\n<script type=\"application\/ld+json\" class=\"yoast-schema-graph\">{\"@context\":\"https:\/\/schema.org\",\"@graph\":[{\"@type\":\"WebPage\",\"@id\":\"https:\/\/www.data.game\/es\/como-se-juega\/\",\"url\":\"https:\/\/www.data.game\/es\/como-se-juega\/\",\"name\":\"C\u00d3MO SE JUEGA - DATA! The Game\",\"isPartOf\":{\"@id\":\"https:\/\/www.data.game\/es\/#website\"},\"primaryImageOfPage\":{\"@id\":\"https:\/\/www.data.game\/es\/como-se-juega\/#primaryimage\"},\"image\":{\"@id\":\"https:\/\/www.data.game\/es\/como-se-juega\/#primaryimage\"},\"thumbnailUrl\":\"https:\/\/www.data.game\/wp-content\/uploads\/2025\/01\/Banner-carte-1.jpg\",\"datePublished\":\"2025-02-08T16:48:00+00:00\",\"dateModified\":\"2025-02-21T09:37:47+00:00\",\"description\":\"Al reunir m\u00faltiples Cartas-Dataset, especialmente si son sensibles, crea tu Data-Tesoro para una finalidad empresarial y de innovaci\u00f3n.\",\"breadcrumb\":{\"@id\":\"https:\/\/www.data.game\/es\/como-se-juega\/#breadcrumb\"},\"inLanguage\":\"es\",\"potentialAction\":[{\"@type\":\"ReadAction\",\"target\":[\"https:\/\/www.data.game\/es\/como-se-juega\/\"]}]},{\"@type\":\"ImageObject\",\"inLanguage\":\"es\",\"@id\":\"https:\/\/www.data.game\/es\/como-se-juega\/#primaryimage\",\"url\":\"https:\/\/www.data.game\/wp-content\/uploads\/2025\/01\/Banner-carte-1.jpg\",\"contentUrl\":\"https:\/\/www.data.game\/wp-content\/uploads\/2025\/01\/Banner-carte-1.jpg\"},{\"@type\":\"BreadcrumbList\",\"@id\":\"https:\/\/www.data.game\/es\/como-se-juega\/#breadcrumb\",\"itemListElement\":[{\"@type\":\"ListItem\",\"position\":1,\"name\":\"Home\",\"item\":\"https:\/\/www.data.game\/es\/\"},{\"@type\":\"ListItem\",\"position\":2,\"name\":\"C\u00d3MO SE JUEGA\"}]},{\"@type\":\"WebSite\",\"@id\":\"https:\/\/www.data.game\/es\/#website\",\"url\":\"https:\/\/www.data.game\/es\/\",\"name\":\"DATA! The Game\",\"description\":\"Play with data, dominate the empire\",\"publisher\":{\"@id\":\"https:\/\/www.data.game\/es\/#organization\"},\"potentialAction\":[{\"@type\":\"SearchAction\",\"target\":{\"@type\":\"EntryPoint\",\"urlTemplate\":\"https:\/\/www.data.game\/es\/?s={search_term_string}\"},\"query-input\":{\"@type\":\"PropertyValueSpecification\",\"valueRequired\":true,\"valueName\":\"search_term_string\"}}],\"inLanguage\":\"es\"},{\"@type\":\"Organization\",\"@id\":\"https:\/\/www.data.game\/es\/#organization\",\"name\":\"DATA The Game\",\"url\":\"https:\/\/www.data.game\/es\/\",\"logo\":{\"@type\":\"ImageObject\",\"inLanguage\":\"es\",\"@id\":\"https:\/\/www.data.game\/es\/#\/schema\/logo\/image\/\",\"url\":\"https:\/\/www.data.game\/wp-content\/uploads\/2024\/12\/cropped-cropped-Logo-DATA-The-game-1000w.png\",\"contentUrl\":\"https:\/\/www.data.game\/wp-content\/uploads\/2024\/12\/cropped-cropped-Logo-DATA-The-game-1000w.png\",\"width\":998,\"height\":983,\"caption\":\"DATA The Game\"},\"image\":{\"@id\":\"https:\/\/www.data.game\/es\/#\/schema\/logo\/image\/\"}}]}<\/script>","yoast_head_json":{"title":"C\u00d3MO SE JUEGA - DATA! The Game","description":"Al reunir m\u00faltiples Cartas-Dataset, especialmente si son sensibles, crea tu Data-Tesoro para una finalidad empresarial y de innovaci\u00f3n.","robots":{"index":"index","follow":"follow","max-snippet":"max-snippet:-1","max-image-preview":"max-image-preview:large","max-video-preview":"max-video-preview:-1"},"canonical":"https:\/\/www.data.game\/es\/como-se-juega\/","og_locale":"es_ES","og_type":"article","og_title":"C\u00d3MO SE JUEGA - DATA! The Game","og_description":"Al reunir m\u00faltiples Cartas-Dataset, especialmente si son sensibles, crea tu Data-Tesoro para una finalidad empresarial y de innovaci\u00f3n.","og_url":"https:\/\/www.data.game\/es\/como-se-juega\/","og_site_name":"DATA! The Game","article_modified_time":"2025-02-21T09:37:47+00:00","og_image":[{"url":"https:\/\/www.data.game\/wp-content\/uploads\/2025\/01\/Banner-carte-1.jpg","type":"","width":"","height":""}],"twitter_card":"summary_large_image","twitter_misc":{"Tiempo de lectura":"11 minutos"},"schema":{"@context":"https:\/\/schema.org","@graph":[{"@type":"WebPage","@id":"https:\/\/www.data.game\/es\/como-se-juega\/","url":"https:\/\/www.data.game\/es\/como-se-juega\/","name":"C\u00d3MO SE JUEGA - DATA! The Game","isPartOf":{"@id":"https:\/\/www.data.game\/es\/#website"},"primaryImageOfPage":{"@id":"https:\/\/www.data.game\/es\/como-se-juega\/#primaryimage"},"image":{"@id":"https:\/\/www.data.game\/es\/como-se-juega\/#primaryimage"},"thumbnailUrl":"https:\/\/www.data.game\/wp-content\/uploads\/2025\/01\/Banner-carte-1.jpg","datePublished":"2025-02-08T16:48:00+00:00","dateModified":"2025-02-21T09:37:47+00:00","description":"Al reunir m\u00faltiples Cartas-Dataset, especialmente si son sensibles, crea tu Data-Tesoro para una finalidad empresarial y de innovaci\u00f3n.","breadcrumb":{"@id":"https:\/\/www.data.game\/es\/como-se-juega\/#breadcrumb"},"inLanguage":"es","potentialAction":[{"@type":"ReadAction","target":["https:\/\/www.data.game\/es\/como-se-juega\/"]}]},{"@type":"ImageObject","inLanguage":"es","@id":"https:\/\/www.data.game\/es\/como-se-juega\/#primaryimage","url":"https:\/\/www.data.game\/wp-content\/uploads\/2025\/01\/Banner-carte-1.jpg","contentUrl":"https:\/\/www.data.game\/wp-content\/uploads\/2025\/01\/Banner-carte-1.jpg"},{"@type":"BreadcrumbList","@id":"https:\/\/www.data.game\/es\/como-se-juega\/#breadcrumb","itemListElement":[{"@type":"ListItem","position":1,"name":"Home","item":"https:\/\/www.data.game\/es\/"},{"@type":"ListItem","position":2,"name":"C\u00d3MO SE JUEGA"}]},{"@type":"WebSite","@id":"https:\/\/www.data.game\/es\/#website","url":"https:\/\/www.data.game\/es\/","name":"DATA! The Game","description":"Play with data, dominate the empire","publisher":{"@id":"https:\/\/www.data.game\/es\/#organization"},"potentialAction":[{"@type":"SearchAction","target":{"@type":"EntryPoint","urlTemplate":"https:\/\/www.data.game\/es\/?s={search_term_string}"},"query-input":{"@type":"PropertyValueSpecification","valueRequired":true,"valueName":"search_term_string"}}],"inLanguage":"es"},{"@type":"Organization","@id":"https:\/\/www.data.game\/es\/#organization","name":"DATA The Game","url":"https:\/\/www.data.game\/es\/","logo":{"@type":"ImageObject","inLanguage":"es","@id":"https:\/\/www.data.game\/es\/#\/schema\/logo\/image\/","url":"https:\/\/www.data.game\/wp-content\/uploads\/2024\/12\/cropped-cropped-Logo-DATA-The-game-1000w.png","contentUrl":"https:\/\/www.data.game\/wp-content\/uploads\/2024\/12\/cropped-cropped-Logo-DATA-The-game-1000w.png","width":998,"height":983,"caption":"DATA The Game"},"image":{"@id":"https:\/\/www.data.game\/es\/#\/schema\/logo\/image\/"}}]}},"_links":{"self":[{"href":"https:\/\/www.data.game\/es\/wp-json\/wp\/v2\/pages\/1132","targetHints":{"allow":["GET"]}}],"collection":[{"href":"https:\/\/www.data.game\/es\/wp-json\/wp\/v2\/pages"}],"about":[{"href":"https:\/\/www.data.game\/es\/wp-json\/wp\/v2\/types\/page"}],"author":[{"embeddable":true,"href":"https:\/\/www.data.game\/es\/wp-json\/wp\/v2\/users\/1"}],"replies":[{"embeddable":true,"href":"https:\/\/www.data.game\/es\/wp-json\/wp\/v2\/comments?post=1132"}],"version-history":[{"count":3,"href":"https:\/\/www.data.game\/es\/wp-json\/wp\/v2\/pages\/1132\/revisions"}],"predecessor-version":[{"id":1386,"href":"https:\/\/www.data.game\/es\/wp-json\/wp\/v2\/pages\/1132\/revisions\/1386"}],"wp:attachment":[{"href":"https:\/\/www.data.game\/es\/wp-json\/wp\/v2\/media?parent=1132"}],"curies":[{"name":"wp","href":"https:\/\/api.w.org\/{rel}","templated":true}]}}