{"id":1166,"date":"2025-02-08T16:58:30","date_gmt":"2025-02-08T16:58:30","guid":{"rendered":"https:\/\/www.data.game\/coming-soon\/"},"modified":"2025-03-04T12:07:04","modified_gmt":"2025-03-04T12:07:04","slug":"online-app","status":"publish","type":"page","link":"https:\/\/www.data.game\/en\/online-app\/","title":{"rendered":"online-app"},"content":{"rendered":"\n\n\t<h1>\n\t\t\t\tGioca online o su app\n\t\t\t<\/h1>\n\t<p>Ora puoi <a href=\"https:\/\/www.data.game\/datathegame2025\/\">giocare<\/a> al videogame *DATA!* su PC! La versione per smartphone (Google Play e Apple Store) sar\u00e0 disponibile prossimamente. Torna a trovarci per aggiornamenti!  <\/p>\n<p>You can now<a href=\"https:\/\/www.data.game\/datathegame2025\/\"> play <\/a>the *DATA!* videogame on PC! The smartphone version (Google Play and Apple Store) will be available soon. Check back for updates!  <\/p>\n<p>\u00a1Ahora puedes<a href=\"https:\/\/www.data.game\/datathegame2025\/\"> jugar<\/a> al videojuego *DATA!* en PC! La versi\u00f3n para smartphones (Google Play y Apple Store) estar\u00e1 disponible pr\u00f3ximamente. \u00a1Vuelve pronto para m\u00e1s novedades!  <\/p>\n<p>Vous pouvez d\u00e9sormais<a href=\"https:\/\/www.data.game\/datathegame2025\/\"> jouer <\/a>au jeu vid\u00e9o *DATA!* sur PC ! La version pour smartphone (Google Play et Apple Store) sera bient\u00f4t disponible. Revenez nous voir pour les mises \u00e0 jour !  <\/p>\n<p>Sie k\u00f6nnen das *DATA!*-<a href=\"https:\/\/www.data.game\/datathegame2025\/\">Videospiel jetzt <\/a>auf dem PC spielen! Die Smartphone-Version (Google Play und Apple Store) wird bald verf\u00fcgbar sein. Besuchen Sie uns bald wieder f\u00fcr Updates!  <\/p>\n\n","protected":false},"excerpt":{"rendered":"<p>Gioca online o su app Ora puoi giocare al videogame *DATA!* su PC! La versione per smartphone (Google Play e Apple Store) sar\u00e0 disponibile prossimamente. Torna a trovarci per aggiornamenti! You can now play the *DATA!* videogame on PC! The smartphone version (Google Play and Apple Store) will be available soon. Check back for updates! [&hellip;]<\/p>\n","protected":false},"author":1,"featured_media":0,"parent":0,"menu_order":0,"comment_status":"closed","ping_status":"closed","template":"","meta":{"site-sidebar-layout":"no-sidebar","site-content-layout":"page-builder","ast-site-content-layout":"full-width-container","site-content-style":"unboxed","site-sidebar-style":"unboxed","ast-global-header-display":"","ast-banner-title-visibility":"","ast-main-header-display":"","ast-hfb-above-header-display":"","ast-hfb-below-header-display":"","ast-hfb-mobile-header-display":"","site-post-title":"disabled","ast-breadcrumbs-content":"disabled","ast-featured-img":"disabled","footer-sml-layout":"","theme-transparent-header-meta":"enabled","adv-header-id-meta":"","stick-header-meta":"default","header-above-stick-meta":"","header-main-stick-meta":"","header-below-stick-meta":"","astra-migrate-meta-layouts":"set","ast-page-background-enabled":"default","ast-page-background-meta":{"desktop":{"background-color":"","background-image":"","background-repeat":"repeat","background-position":"center center","background-size":"auto","background-attachment":"scroll","background-type":"","background-media":"","overlay-type":"","overlay-color":"","overlay-opacity":"","overlay-gradient":""},"tablet":{"background-color":"","background-image":"","background-repeat":"repeat","background-position":"center center","background-size":"auto","background-attachment":"scroll","background-type":"","background-media":"","overlay-type":"","overlay-color":"","overlay-opacity":"","overlay-gradient":""},"mobile":{"background-color":"","background-image":"","background-repeat":"repeat","background-position":"center center","background-size":"auto","background-attachment":"scroll","background-type":"","background-media":"","overlay-type":"","overlay-color":"","overlay-opacity":"","overlay-gradient":""}},"ast-content-background-meta":{"desktop":{"background-color":"var(--ast-global-color-5)","background-image":"","background-repeat":"repeat","background-position":"center center","background-size":"auto","background-attachment":"scroll","background-type":"","background-media":"","overlay-type":"","overlay-color":"","overlay-opacity":"","overlay-gradient":""},"tablet":{"background-color":"var(--ast-global-color-5)","background-image":"","background-repeat":"repeat","background-position":"center center","background-size":"auto","background-attachment":"scroll","background-type":"","background-media":"","overlay-type":"","overlay-color":"","overlay-opacity":"","overlay-gradient":""},"mobile":{"background-color":"var(--ast-global-color-5)","background-image":"","background-repeat":"repeat","background-position":"center center","background-size":"auto","background-attachment":"scroll","background-type":"","background-media":"","overlay-type":"","overlay-color":"","overlay-opacity":"","overlay-gradient":""}},"footnotes":""},"class_list":["post-1166","page","type-page","status-publish","hentry"],"yoast_head":"<title>online-app - DATA! The Game<\/title>\n<meta name=\"robots\" content=\"index, follow, max-snippet:-1, max-image-preview:large, max-video-preview:-1\" \/>\n<link rel=\"canonical\" href=\"https:\/\/www.data.game\/en\/online-app\/\" \/>\n<meta property=\"og:locale\" content=\"en_US\" \/>\n<meta property=\"og:type\" content=\"article\" \/>\n<meta property=\"og:title\" content=\"online-app - DATA! The Game\" \/>\n<meta property=\"og:description\" content=\"Gioca online o su app Ora puoi giocare al videogame *DATA!* su PC! La versione per smartphone (Google Play e Apple Store) sar\u00e0 disponibile prossimamente. Torna a trovarci per aggiornamenti! You can now play the *DATA!* videogame on PC! The smartphone version (Google Play and Apple Store) will be available soon. Check back for updates! [&hellip;]\" \/>\n<meta property=\"og:url\" content=\"https:\/\/www.data.game\/en\/online-app\/\" \/>\n<meta property=\"og:site_name\" content=\"DATA! The Game\" \/>\n<meta property=\"article:modified_time\" content=\"2025-03-04T12:07:04+00:00\" \/>\n<meta name=\"twitter:card\" content=\"summary_large_image\" \/>\n<meta name=\"twitter:label1\" content=\"Est. reading time\" \/>\n\t<meta name=\"twitter:data1\" content=\"1 minute\" \/>\n<script type=\"application\/ld+json\" class=\"yoast-schema-graph\">{\"@context\":\"https:\/\/schema.org\",\"@graph\":[{\"@type\":\"WebPage\",\"@id\":\"https:\/\/www.data.game\/en\/online-app\/\",\"url\":\"https:\/\/www.data.game\/en\/online-app\/\",\"name\":\"online-app - DATA! The Game\",\"isPartOf\":{\"@id\":\"https:\/\/www.data.game\/en\/#website\"},\"datePublished\":\"2025-02-08T16:58:30+00:00\",\"dateModified\":\"2025-03-04T12:07:04+00:00\",\"breadcrumb\":{\"@id\":\"https:\/\/www.data.game\/en\/online-app\/#breadcrumb\"},\"inLanguage\":\"en-US\",\"potentialAction\":[{\"@type\":\"ReadAction\",\"target\":[\"https:\/\/www.data.game\/en\/online-app\/\"]}]},{\"@type\":\"BreadcrumbList\",\"@id\":\"https:\/\/www.data.game\/en\/online-app\/#breadcrumb\",\"itemListElement\":[{\"@type\":\"ListItem\",\"position\":1,\"name\":\"Home\",\"item\":\"https:\/\/www.data.game\/en\/\"},{\"@type\":\"ListItem\",\"position\":2,\"name\":\"online-app\"}]},{\"@type\":\"WebSite\",\"@id\":\"https:\/\/www.data.game\/en\/#website\",\"url\":\"https:\/\/www.data.game\/en\/\",\"name\":\"DATA! The Game\",\"description\":\"Play with data, dominate the empire\",\"publisher\":{\"@id\":\"https:\/\/www.data.game\/en\/#organization\"},\"potentialAction\":[{\"@type\":\"SearchAction\",\"target\":{\"@type\":\"EntryPoint\",\"urlTemplate\":\"https:\/\/www.data.game\/en\/?s={search_term_string}\"},\"query-input\":{\"@type\":\"PropertyValueSpecification\",\"valueRequired\":true,\"valueName\":\"search_term_string\"}}],\"inLanguage\":\"en-US\"},{\"@type\":\"Organization\",\"@id\":\"https:\/\/www.data.game\/en\/#organization\",\"name\":\"DATA The Game\",\"url\":\"https:\/\/www.data.game\/en\/\",\"logo\":{\"@type\":\"ImageObject\",\"inLanguage\":\"en-US\",\"@id\":\"https:\/\/www.data.game\/en\/#\/schema\/logo\/image\/\",\"url\":\"https:\/\/www.data.game\/wp-content\/uploads\/2024\/12\/cropped-cropped-Logo-DATA-The-game-1000w.png\",\"contentUrl\":\"https:\/\/www.data.game\/wp-content\/uploads\/2024\/12\/cropped-cropped-Logo-DATA-The-game-1000w.png\",\"width\":998,\"height\":983,\"caption\":\"DATA The Game\"},\"image\":{\"@id\":\"https:\/\/www.data.game\/en\/#\/schema\/logo\/image\/\"}}]}<\/script>","yoast_head_json":{"title":"online-app - DATA! The Game","robots":{"index":"index","follow":"follow","max-snippet":"max-snippet:-1","max-image-preview":"max-image-preview:large","max-video-preview":"max-video-preview:-1"},"canonical":"https:\/\/www.data.game\/en\/online-app\/","og_locale":"en_US","og_type":"article","og_title":"online-app - DATA! The Game","og_description":"Gioca online o su app Ora puoi giocare al videogame *DATA!* su PC! La versione per smartphone (Google Play e Apple Store) sar\u00e0 disponibile prossimamente. Torna a trovarci per aggiornamenti! You can now play the *DATA!* videogame on PC! The smartphone version (Google Play and Apple Store) will be available soon. Check back for updates! [&hellip;]","og_url":"https:\/\/www.data.game\/en\/online-app\/","og_site_name":"DATA! The Game","article_modified_time":"2025-03-04T12:07:04+00:00","twitter_card":"summary_large_image","twitter_misc":{"Est. reading time":"1 minute"},"schema":{"@context":"https:\/\/schema.org","@graph":[{"@type":"WebPage","@id":"https:\/\/www.data.game\/en\/online-app\/","url":"https:\/\/www.data.game\/en\/online-app\/","name":"online-app - DATA! The Game","isPartOf":{"@id":"https:\/\/www.data.game\/en\/#website"},"datePublished":"2025-02-08T16:58:30+00:00","dateModified":"2025-03-04T12:07:04+00:00","breadcrumb":{"@id":"https:\/\/www.data.game\/en\/online-app\/#breadcrumb"},"inLanguage":"en-US","potentialAction":[{"@type":"ReadAction","target":["https:\/\/www.data.game\/en\/online-app\/"]}]},{"@type":"BreadcrumbList","@id":"https:\/\/www.data.game\/en\/online-app\/#breadcrumb","itemListElement":[{"@type":"ListItem","position":1,"name":"Home","item":"https:\/\/www.data.game\/en\/"},{"@type":"ListItem","position":2,"name":"online-app"}]},{"@type":"WebSite","@id":"https:\/\/www.data.game\/en\/#website","url":"https:\/\/www.data.game\/en\/","name":"DATA! The Game","description":"Play with data, dominate the empire","publisher":{"@id":"https:\/\/www.data.game\/en\/#organization"},"potentialAction":[{"@type":"SearchAction","target":{"@type":"EntryPoint","urlTemplate":"https:\/\/www.data.game\/en\/?s={search_term_string}"},"query-input":{"@type":"PropertyValueSpecification","valueRequired":true,"valueName":"search_term_string"}}],"inLanguage":"en-US"},{"@type":"Organization","@id":"https:\/\/www.data.game\/en\/#organization","name":"DATA The Game","url":"https:\/\/www.data.game\/en\/","logo":{"@type":"ImageObject","inLanguage":"en-US","@id":"https:\/\/www.data.game\/en\/#\/schema\/logo\/image\/","url":"https:\/\/www.data.game\/wp-content\/uploads\/2024\/12\/cropped-cropped-Logo-DATA-The-game-1000w.png","contentUrl":"https:\/\/www.data.game\/wp-content\/uploads\/2024\/12\/cropped-cropped-Logo-DATA-The-game-1000w.png","width":998,"height":983,"caption":"DATA The Game"},"image":{"@id":"https:\/\/www.data.game\/en\/#\/schema\/logo\/image\/"}}]}},"_links":{"self":[{"href":"https:\/\/www.data.game\/en\/wp-json\/wp\/v2\/pages\/1166","targetHints":{"allow":["GET"]}}],"collection":[{"href":"https:\/\/www.data.game\/en\/wp-json\/wp\/v2\/pages"}],"about":[{"href":"https:\/\/www.data.game\/en\/wp-json\/wp\/v2\/types\/page"}],"author":[{"embeddable":true,"href":"https:\/\/www.data.game\/en\/wp-json\/wp\/v2\/users\/1"}],"replies":[{"embeddable":true,"href":"https:\/\/www.data.game\/en\/wp-json\/wp\/v2\/comments?post=1166"}],"version-history":[{"count":1,"href":"https:\/\/www.data.game\/en\/wp-json\/wp\/v2\/pages\/1166\/revisions"}],"predecessor-version":[{"id":1437,"href":"https:\/\/www.data.game\/en\/wp-json\/wp\/v2\/pages\/1166\/revisions\/1437"}],"wp:attachment":[{"href":"https:\/\/www.data.game\/en\/wp-json\/wp\/v2\/media?parent=1166"}],"curies":[{"name":"wp","href":"https:\/\/api.w.org\/{rel}","templated":true}]}}