{"id":1507,"date":"2025-03-25T16:03:08","date_gmt":"2025-03-25T16:03:08","guid":{"rendered":"https:\/\/www.data.game\/regali-aziendali\/"},"modified":"2025-04-06T16:23:40","modified_gmt":"2025-04-06T16:23:40","slug":"firmengeschenke","status":"publish","type":"page","link":"https:\/\/www.data.game\/de\/firmengeschenke\/","title":{"rendered":"FIRMENGESCHENKE"},"content":{"rendered":"\n\n\t<h1>\n\t\t\t\tFIRMENGESCHENKE\n\t\t\t<\/h1>\n\t<h4>\n\t\t\t\tDas originellste und aktuellste Firmengeschenk!\n\t\t\t<\/h4>\n\t<p><strong>DATA! The game\u00ae kann auch mit dem Logo Ihrer Organisation personalisiert werden, um intelligente und unterhaltsame Geschenke und Merchandising-Artikel f\u00fcr Ihre Mitarbeiter und Partner zu erstellen.<\/strong><\/p>\n<p>Kontaktieren Sie uns unter <a href=\"mailto:academy@istitutoprivacy.eu\"><strong>academy@istitutoprivacy.eu<\/strong><\/a>, und wir unterbreiten Ihnen das beste Angebot f\u00fcr DATA! The game\u00ae (auf Englisch, Italienisch, Deutsch, Spanisch oder Franz\u00f6sisch) mit Ihrer Marke\/Ihrem Logo.<\/p>\n<p>Die Produktions- und Lieferzeit betr\u00e4gt 90 Tage ab Bestellung, daher empfehlen wir Ihnen, sich rechtzeitig vorzubereiten (z. B. wenn Sie sie als Weihnachtsgeschenke oder f\u00fcr Kongresse und andere besondere Anl\u00e4sse verschenken m\u00f6chten).<\/p>\n\t\t\t\t<img decoding=\"async\" src=\"https:\/\/www.data.game\/wp-content\/uploads\/2025\/03\/Mockup-DATA-ITA-regalo.png\" alt=\"Mockup DATA ITA regalo\" title=\"Mockup DATA ITA regalo\" itemprop=\"image\"\/>\n\n","protected":false},"excerpt":{"rendered":"<p>FIRMENGESCHENKE Das originellste und aktuellste Firmengeschenk! DATA! The game\u00ae kann auch mit dem Logo Ihrer Organisation personalisiert werden, um intelligente und unterhaltsame Geschenke und Merchandising-Artikel f\u00fcr Ihre Mitarbeiter und Partner zu erstellen. Kontaktieren Sie uns unter academy@istitutoprivacy.eu, und wir unterbreiten Ihnen das beste Angebot f\u00fcr DATA! The game\u00ae (auf Englisch, Italienisch, Deutsch, Spanisch oder Franz\u00f6sisch) [&hellip;]<\/p>\n","protected":false},"author":1,"featured_media":0,"parent":0,"menu_order":0,"comment_status":"closed","ping_status":"closed","template":"","meta":{"site-sidebar-layout":"no-sidebar","site-content-layout":"page-builder","ast-site-content-layout":"full-width-container","site-content-style":"unboxed","site-sidebar-style":"unboxed","ast-global-header-display":"","ast-banner-title-visibility":"","ast-main-header-display":"","ast-hfb-above-header-display":"","ast-hfb-below-header-display":"","ast-hfb-mobile-header-display":"","site-post-title":"disabled","ast-breadcrumbs-content":"disabled","ast-featured-img":"disabled","footer-sml-layout":"","theme-transparent-header-meta":"enabled","adv-header-id-meta":"","stick-header-meta":"default","header-above-stick-meta":"","header-main-stick-meta":"","header-below-stick-meta":"","astra-migrate-meta-layouts":"set","ast-page-background-enabled":"default","ast-page-background-meta":{"desktop":{"background-color":"","background-image":"","background-repeat":"repeat","background-position":"center center","background-size":"auto","background-attachment":"scroll","background-type":"","background-media":"","overlay-type":"","overlay-color":"","overlay-opacity":"","overlay-gradient":""},"tablet":{"background-color":"","background-image":"","background-repeat":"repeat","background-position":"center center","background-size":"auto","background-attachment":"scroll","background-type":"","background-media":"","overlay-type":"","overlay-color":"","overlay-opacity":"","overlay-gradient":""},"mobile":{"background-color":"","background-image":"","background-repeat":"repeat","background-position":"center center","background-size":"auto","background-attachment":"scroll","background-type":"","background-media":"","overlay-type":"","overlay-color":"","overlay-opacity":"","overlay-gradient":""}},"ast-content-background-meta":{"desktop":{"background-color":"var(--ast-global-color-5)","background-image":"","background-repeat":"repeat","background-position":"center center","background-size":"auto","background-attachment":"scroll","background-type":"","background-media":"","overlay-type":"","overlay-color":"","overlay-opacity":"","overlay-gradient":""},"tablet":{"background-color":"var(--ast-global-color-5)","background-image":"","background-repeat":"repeat","background-position":"center center","background-size":"auto","background-attachment":"scroll","background-type":"","background-media":"","overlay-type":"","overlay-color":"","overlay-opacity":"","overlay-gradient":""},"mobile":{"background-color":"var(--ast-global-color-5)","background-image":"","background-repeat":"repeat","background-position":"center center","background-size":"auto","background-attachment":"scroll","background-type":"","background-media":"","overlay-type":"","overlay-color":"","overlay-opacity":"","overlay-gradient":""}},"footnotes":""},"class_list":["post-1507","page","type-page","status-publish","hentry"],"yoast_head":"<title>FIRMENGESCHENKE - DATA! The Game<\/title>\n<meta name=\"description\" content=\"Das originellste und aktuellste Firmengeschenk!\" \/>\n<meta name=\"robots\" content=\"index, follow, max-snippet:-1, max-image-preview:large, max-video-preview:-1\" \/>\n<link rel=\"canonical\" href=\"https:\/\/www.data.game\/de\/firmengeschenke\/\" \/>\n<meta property=\"og:locale\" content=\"de_DE\" \/>\n<meta property=\"og:type\" content=\"article\" \/>\n<meta property=\"og:title\" content=\"FIRMENGESCHENKE - DATA! The Game\" \/>\n<meta property=\"og:description\" content=\"Das originellste und aktuellste Firmengeschenk!\" \/>\n<meta property=\"og:url\" content=\"https:\/\/www.data.game\/de\/firmengeschenke\/\" \/>\n<meta property=\"og:site_name\" content=\"DATA! The Game\" \/>\n<meta property=\"article:modified_time\" content=\"2025-04-06T16:23:40+00:00\" \/>\n<meta property=\"og:image\" content=\"https:\/\/www.data.game\/wp-content\/uploads\/2025\/03\/Mockup-DATA-ITA-regalo.png\" \/>\n<meta name=\"twitter:card\" content=\"summary_large_image\" \/>\n<meta name=\"twitter:label1\" content=\"Gesch\u00e4tzte Lesezeit\" \/>\n\t<meta name=\"twitter:data1\" content=\"1\u00a0Minute\" \/>\n<script type=\"application\/ld+json\" class=\"yoast-schema-graph\">{\"@context\":\"https:\/\/schema.org\",\"@graph\":[{\"@type\":\"WebPage\",\"@id\":\"https:\/\/www.data.game\/de\/firmengeschenke\/\",\"url\":\"https:\/\/www.data.game\/de\/firmengeschenke\/\",\"name\":\"FIRMENGESCHENKE - DATA! The Game\",\"isPartOf\":{\"@id\":\"https:\/\/www.data.game\/de\/#website\"},\"primaryImageOfPage\":{\"@id\":\"https:\/\/www.data.game\/de\/firmengeschenke\/#primaryimage\"},\"image\":{\"@id\":\"https:\/\/www.data.game\/de\/firmengeschenke\/#primaryimage\"},\"thumbnailUrl\":\"https:\/\/www.data.game\/wp-content\/uploads\/2025\/03\/Mockup-DATA-ITA-regalo.png\",\"datePublished\":\"2025-03-25T16:03:08+00:00\",\"dateModified\":\"2025-04-06T16:23:40+00:00\",\"description\":\"Das originellste und aktuellste Firmengeschenk!\",\"breadcrumb\":{\"@id\":\"https:\/\/www.data.game\/de\/firmengeschenke\/#breadcrumb\"},\"inLanguage\":\"de\",\"potentialAction\":[{\"@type\":\"ReadAction\",\"target\":[\"https:\/\/www.data.game\/de\/firmengeschenke\/\"]}]},{\"@type\":\"ImageObject\",\"inLanguage\":\"de\",\"@id\":\"https:\/\/www.data.game\/de\/firmengeschenke\/#primaryimage\",\"url\":\"https:\/\/www.data.game\/wp-content\/uploads\/2025\/03\/Mockup-DATA-ITA-regalo.png\",\"contentUrl\":\"https:\/\/www.data.game\/wp-content\/uploads\/2025\/03\/Mockup-DATA-ITA-regalo.png\"},{\"@type\":\"BreadcrumbList\",\"@id\":\"https:\/\/www.data.game\/de\/firmengeschenke\/#breadcrumb\",\"itemListElement\":[{\"@type\":\"ListItem\",\"position\":1,\"name\":\"Home\",\"item\":\"https:\/\/www.data.game\/de\/\"},{\"@type\":\"ListItem\",\"position\":2,\"name\":\"FIRMENGESCHENKE\"}]},{\"@type\":\"WebSite\",\"@id\":\"https:\/\/www.data.game\/de\/#website\",\"url\":\"https:\/\/www.data.game\/de\/\",\"name\":\"DATA! The Game\",\"description\":\"Play with data, dominate the empire\",\"publisher\":{\"@id\":\"https:\/\/www.data.game\/de\/#organization\"},\"potentialAction\":[{\"@type\":\"SearchAction\",\"target\":{\"@type\":\"EntryPoint\",\"urlTemplate\":\"https:\/\/www.data.game\/de\/?s={search_term_string}\"},\"query-input\":{\"@type\":\"PropertyValueSpecification\",\"valueRequired\":true,\"valueName\":\"search_term_string\"}}],\"inLanguage\":\"de\"},{\"@type\":\"Organization\",\"@id\":\"https:\/\/www.data.game\/de\/#organization\",\"name\":\"DATA The Game\",\"url\":\"https:\/\/www.data.game\/de\/\",\"logo\":{\"@type\":\"ImageObject\",\"inLanguage\":\"de\",\"@id\":\"https:\/\/www.data.game\/de\/#\/schema\/logo\/image\/\",\"url\":\"https:\/\/www.data.game\/wp-content\/uploads\/2024\/12\/cropped-cropped-Logo-DATA-The-game-1000w.png\",\"contentUrl\":\"https:\/\/www.data.game\/wp-content\/uploads\/2024\/12\/cropped-cropped-Logo-DATA-The-game-1000w.png\",\"width\":998,\"height\":983,\"caption\":\"DATA The Game\"},\"image\":{\"@id\":\"https:\/\/www.data.game\/de\/#\/schema\/logo\/image\/\"}}]}<\/script>","yoast_head_json":{"title":"FIRMENGESCHENKE - DATA! The Game","description":"Das originellste und aktuellste Firmengeschenk!","robots":{"index":"index","follow":"follow","max-snippet":"max-snippet:-1","max-image-preview":"max-image-preview:large","max-video-preview":"max-video-preview:-1"},"canonical":"https:\/\/www.data.game\/de\/firmengeschenke\/","og_locale":"de_DE","og_type":"article","og_title":"FIRMENGESCHENKE - DATA! The Game","og_description":"Das originellste und aktuellste Firmengeschenk!","og_url":"https:\/\/www.data.game\/de\/firmengeschenke\/","og_site_name":"DATA! The Game","article_modified_time":"2025-04-06T16:23:40+00:00","og_image":[{"url":"https:\/\/www.data.game\/wp-content\/uploads\/2025\/03\/Mockup-DATA-ITA-regalo.png","type":"","width":"","height":""}],"twitter_card":"summary_large_image","twitter_misc":{"Gesch\u00e4tzte Lesezeit":"1\u00a0Minute"},"schema":{"@context":"https:\/\/schema.org","@graph":[{"@type":"WebPage","@id":"https:\/\/www.data.game\/de\/firmengeschenke\/","url":"https:\/\/www.data.game\/de\/firmengeschenke\/","name":"FIRMENGESCHENKE - DATA! The Game","isPartOf":{"@id":"https:\/\/www.data.game\/de\/#website"},"primaryImageOfPage":{"@id":"https:\/\/www.data.game\/de\/firmengeschenke\/#primaryimage"},"image":{"@id":"https:\/\/www.data.game\/de\/firmengeschenke\/#primaryimage"},"thumbnailUrl":"https:\/\/www.data.game\/wp-content\/uploads\/2025\/03\/Mockup-DATA-ITA-regalo.png","datePublished":"2025-03-25T16:03:08+00:00","dateModified":"2025-04-06T16:23:40+00:00","description":"Das originellste und aktuellste Firmengeschenk!","breadcrumb":{"@id":"https:\/\/www.data.game\/de\/firmengeschenke\/#breadcrumb"},"inLanguage":"de","potentialAction":[{"@type":"ReadAction","target":["https:\/\/www.data.game\/de\/firmengeschenke\/"]}]},{"@type":"ImageObject","inLanguage":"de","@id":"https:\/\/www.data.game\/de\/firmengeschenke\/#primaryimage","url":"https:\/\/www.data.game\/wp-content\/uploads\/2025\/03\/Mockup-DATA-ITA-regalo.png","contentUrl":"https:\/\/www.data.game\/wp-content\/uploads\/2025\/03\/Mockup-DATA-ITA-regalo.png"},{"@type":"BreadcrumbList","@id":"https:\/\/www.data.game\/de\/firmengeschenke\/#breadcrumb","itemListElement":[{"@type":"ListItem","position":1,"name":"Home","item":"https:\/\/www.data.game\/de\/"},{"@type":"ListItem","position":2,"name":"FIRMENGESCHENKE"}]},{"@type":"WebSite","@id":"https:\/\/www.data.game\/de\/#website","url":"https:\/\/www.data.game\/de\/","name":"DATA! The Game","description":"Play with data, dominate the empire","publisher":{"@id":"https:\/\/www.data.game\/de\/#organization"},"potentialAction":[{"@type":"SearchAction","target":{"@type":"EntryPoint","urlTemplate":"https:\/\/www.data.game\/de\/?s={search_term_string}"},"query-input":{"@type":"PropertyValueSpecification","valueRequired":true,"valueName":"search_term_string"}}],"inLanguage":"de"},{"@type":"Organization","@id":"https:\/\/www.data.game\/de\/#organization","name":"DATA The Game","url":"https:\/\/www.data.game\/de\/","logo":{"@type":"ImageObject","inLanguage":"de","@id":"https:\/\/www.data.game\/de\/#\/schema\/logo\/image\/","url":"https:\/\/www.data.game\/wp-content\/uploads\/2024\/12\/cropped-cropped-Logo-DATA-The-game-1000w.png","contentUrl":"https:\/\/www.data.game\/wp-content\/uploads\/2024\/12\/cropped-cropped-Logo-DATA-The-game-1000w.png","width":998,"height":983,"caption":"DATA The Game"},"image":{"@id":"https:\/\/www.data.game\/de\/#\/schema\/logo\/image\/"}}]}},"_links":{"self":[{"href":"https:\/\/www.data.game\/de\/wp-json\/wp\/v2\/pages\/1507","targetHints":{"allow":["GET"]}}],"collection":[{"href":"https:\/\/www.data.game\/de\/wp-json\/wp\/v2\/pages"}],"about":[{"href":"https:\/\/www.data.game\/de\/wp-json\/wp\/v2\/types\/page"}],"author":[{"embeddable":true,"href":"https:\/\/www.data.game\/de\/wp-json\/wp\/v2\/users\/1"}],"replies":[{"embeddable":true,"href":"https:\/\/www.data.game\/de\/wp-json\/wp\/v2\/comments?post=1507"}],"version-history":[{"count":5,"href":"https:\/\/www.data.game\/de\/wp-json\/wp\/v2\/pages\/1507\/revisions"}],"predecessor-version":[{"id":1547,"href":"https:\/\/www.data.game\/de\/wp-json\/wp\/v2\/pages\/1507\/revisions\/1547"}],"wp:attachment":[{"href":"https:\/\/www.data.game\/de\/wp-json\/wp\/v2\/media?parent=1507"}],"curies":[{"name":"wp","href":"https:\/\/api.w.org\/{rel}","templated":true}]}}