{"id":1205,"date":"2025-02-19T14:43:03","date_gmt":"2025-02-19T14:43:03","guid":{"rendered":"https:\/\/www.data.game\/datathegame-contact\/"},"modified":"2025-02-21T06:59:05","modified_gmt":"2025-02-21T06:59:05","slug":"datathegame-contact","status":"publish","type":"page","link":"https:\/\/www.data.game\/de\/datathegame-contact\/","title":{"rendered":"KONTAKT"},"content":{"rendered":"\n\n\t<h1>\n\t\t\t\tKONTAKT\n\t\t\t<\/h1>\n\t<h4>\n\t\t\t\tDu kannst uns f\u00fcr folgende Zwecke kontaktieren:\n\t\t\t<\/h4>\n\t1. um kommerzielle Informationen \u00fcber <strong>den Vertrieb des Papierspiels<\/strong> \u00fcber Ihre Offline- und Online-Shops zu erhalten;<br \/>\n2. wenn Sie <strong>Journalist<\/strong> sind, um ein <strong>Interview<\/strong> mit dem Erfinder des Spiels zu beantragen;<br \/>\n3. um Probleme zu melden oder Ratschl\u00e4ge zum <strong>Videospiel<\/strong> zu geben;<br \/>\n4. um Informationen \u00fcber die <strong>Sicherheit des Kartenspiels<\/strong> gem\u00e4\u00df der Spielzeugrichtlinie 2009\/48\/EG anzufordern;<br \/>\n5. weitere Informationen bez\u00fcglich des <strong>Datenschutzes<\/strong> und der Verarbeitung Ihrer <strong>personenbezogenen Daten<\/strong> (und wie wir diese monetarisieren &#8230;) anzufordern.\n<strong>Unsere Kontaktadresse lautet: <a href=\"mailto:academy@istitutoprivacy.eu\">academy@istitutoprivacy.eu<\/a><\/strong><br \/>\nUnsere physische Adresse lautet: Academy Istituto Privacy S.r.l. &#8211; Piazza di San Salvatore in Lauro, 13 &#8211; 00186 Rom &#8211; Italien\n\n","protected":false},"excerpt":{"rendered":"<p>KONTAKT Du kannst uns f\u00fcr folgende Zwecke kontaktieren: 1. um kommerzielle Informationen \u00fcber den Vertrieb des Papierspiels \u00fcber Ihre Offline- und Online-Shops zu erhalten; 2. wenn Sie Journalist sind, um ein Interview mit dem Erfinder des Spiels zu beantragen; 3. um Probleme zu melden oder Ratschl\u00e4ge zum Videospiel zu geben; 4. um Informationen \u00fcber die [&hellip;]<\/p>\n","protected":false},"author":1,"featured_media":0,"parent":0,"menu_order":0,"comment_status":"closed","ping_status":"closed","template":"","meta":{"site-sidebar-layout":"no-sidebar","site-content-layout":"page-builder","ast-site-content-layout":"full-width-container","site-content-style":"unboxed","site-sidebar-style":"unboxed","ast-global-header-display":"","ast-banner-title-visibility":"","ast-main-header-display":"","ast-hfb-above-header-display":"","ast-hfb-below-header-display":"","ast-hfb-mobile-header-display":"","site-post-title":"disabled","ast-breadcrumbs-content":"disabled","ast-featured-img":"disabled","footer-sml-layout":"","theme-transparent-header-meta":"enabled","adv-header-id-meta":"","stick-header-meta":"default","header-above-stick-meta":"","header-main-stick-meta":"","header-below-stick-meta":"","astra-migrate-meta-layouts":"set","ast-page-background-enabled":"default","ast-page-background-meta":{"desktop":{"background-color":"","background-image":"","background-repeat":"repeat","background-position":"center center","background-size":"auto","background-attachment":"scroll","background-type":"","background-media":"","overlay-type":"","overlay-color":"","overlay-opacity":"","overlay-gradient":""},"tablet":{"background-color":"","background-image":"","background-repeat":"repeat","background-position":"center center","background-size":"auto","background-attachment":"scroll","background-type":"","background-media":"","overlay-type":"","overlay-color":"","overlay-opacity":"","overlay-gradient":""},"mobile":{"background-color":"","background-image":"","background-repeat":"repeat","background-position":"center center","background-size":"auto","background-attachment":"scroll","background-type":"","background-media":"","overlay-type":"","overlay-color":"","overlay-opacity":"","overlay-gradient":""}},"ast-content-background-meta":{"desktop":{"background-color":"var(--ast-global-color-5)","background-image":"","background-repeat":"repeat","background-position":"center center","background-size":"auto","background-attachment":"scroll","background-type":"","background-media":"","overlay-type":"","overlay-color":"","overlay-opacity":"","overlay-gradient":""},"tablet":{"background-color":"var(--ast-global-color-5)","background-image":"","background-repeat":"repeat","background-position":"center center","background-size":"auto","background-attachment":"scroll","background-type":"","background-media":"","overlay-type":"","overlay-color":"","overlay-opacity":"","overlay-gradient":""},"mobile":{"background-color":"var(--ast-global-color-5)","background-image":"","background-repeat":"repeat","background-position":"center center","background-size":"auto","background-attachment":"scroll","background-type":"","background-media":"","overlay-type":"","overlay-color":"","overlay-opacity":"","overlay-gradient":""}},"footnotes":""},"class_list":["post-1205","page","type-page","status-publish","hentry"],"yoast_head":"<title>KONTAKT - DATA! The Game<\/title>\n<meta name=\"robots\" content=\"index, follow, max-snippet:-1, max-image-preview:large, max-video-preview:-1\" \/>\n<link rel=\"canonical\" href=\"https:\/\/www.data.game\/de\/datathegame-contact\/\" \/>\n<meta property=\"og:locale\" content=\"de_DE\" \/>\n<meta property=\"og:type\" content=\"article\" \/>\n<meta property=\"og:title\" content=\"KONTAKT - DATA! The Game\" \/>\n<meta property=\"og:description\" content=\"KONTAKT Du kannst uns f\u00fcr folgende Zwecke kontaktieren: 1. um kommerzielle Informationen \u00fcber den Vertrieb des Papierspiels \u00fcber Ihre Offline- und Online-Shops zu erhalten; 2. wenn Sie Journalist sind, um ein Interview mit dem Erfinder des Spiels zu beantragen; 3. um Probleme zu melden oder Ratschl\u00e4ge zum Videospiel zu geben; 4. um Informationen \u00fcber die [&hellip;]\" \/>\n<meta property=\"og:url\" content=\"https:\/\/www.data.game\/de\/datathegame-contact\/\" \/>\n<meta property=\"og:site_name\" content=\"DATA! The Game\" \/>\n<meta property=\"article:modified_time\" content=\"2025-02-21T06:59:05+00:00\" \/>\n<meta name=\"twitter:card\" content=\"summary_large_image\" \/>\n<meta name=\"twitter:label1\" content=\"Gesch\u00e4tzte Lesezeit\" \/>\n\t<meta name=\"twitter:data1\" content=\"1\u00a0Minute\" \/>\n<script type=\"application\/ld+json\" class=\"yoast-schema-graph\">{\"@context\":\"https:\/\/schema.org\",\"@graph\":[{\"@type\":\"WebPage\",\"@id\":\"https:\/\/www.data.game\/de\/datathegame-contact\/\",\"url\":\"https:\/\/www.data.game\/de\/datathegame-contact\/\",\"name\":\"KONTAKT - DATA! The Game\",\"isPartOf\":{\"@id\":\"https:\/\/www.data.game\/de\/#website\"},\"datePublished\":\"2025-02-19T14:43:03+00:00\",\"dateModified\":\"2025-02-21T06:59:05+00:00\",\"breadcrumb\":{\"@id\":\"https:\/\/www.data.game\/de\/datathegame-contact\/#breadcrumb\"},\"inLanguage\":\"de\",\"potentialAction\":[{\"@type\":\"ReadAction\",\"target\":[\"https:\/\/www.data.game\/de\/datathegame-contact\/\"]}]},{\"@type\":\"BreadcrumbList\",\"@id\":\"https:\/\/www.data.game\/de\/datathegame-contact\/#breadcrumb\",\"itemListElement\":[{\"@type\":\"ListItem\",\"position\":1,\"name\":\"Home\",\"item\":\"https:\/\/www.data.game\/de\/\"},{\"@type\":\"ListItem\",\"position\":2,\"name\":\"KONTAKT\"}]},{\"@type\":\"WebSite\",\"@id\":\"https:\/\/www.data.game\/de\/#website\",\"url\":\"https:\/\/www.data.game\/de\/\",\"name\":\"DATA! The Game\",\"description\":\"Play with data, dominate the empire\",\"publisher\":{\"@id\":\"https:\/\/www.data.game\/de\/#organization\"},\"potentialAction\":[{\"@type\":\"SearchAction\",\"target\":{\"@type\":\"EntryPoint\",\"urlTemplate\":\"https:\/\/www.data.game\/de\/?s={search_term_string}\"},\"query-input\":{\"@type\":\"PropertyValueSpecification\",\"valueRequired\":true,\"valueName\":\"search_term_string\"}}],\"inLanguage\":\"de\"},{\"@type\":\"Organization\",\"@id\":\"https:\/\/www.data.game\/de\/#organization\",\"name\":\"DATA The Game\",\"url\":\"https:\/\/www.data.game\/de\/\",\"logo\":{\"@type\":\"ImageObject\",\"inLanguage\":\"de\",\"@id\":\"https:\/\/www.data.game\/de\/#\/schema\/logo\/image\/\",\"url\":\"https:\/\/www.data.game\/wp-content\/uploads\/2024\/12\/cropped-cropped-Logo-DATA-The-game-1000w.png\",\"contentUrl\":\"https:\/\/www.data.game\/wp-content\/uploads\/2024\/12\/cropped-cropped-Logo-DATA-The-game-1000w.png\",\"width\":998,\"height\":983,\"caption\":\"DATA The Game\"},\"image\":{\"@id\":\"https:\/\/www.data.game\/de\/#\/schema\/logo\/image\/\"}}]}<\/script>","yoast_head_json":{"title":"KONTAKT - DATA! The Game","robots":{"index":"index","follow":"follow","max-snippet":"max-snippet:-1","max-image-preview":"max-image-preview:large","max-video-preview":"max-video-preview:-1"},"canonical":"https:\/\/www.data.game\/de\/datathegame-contact\/","og_locale":"de_DE","og_type":"article","og_title":"KONTAKT - DATA! The Game","og_description":"KONTAKT Du kannst uns f\u00fcr folgende Zwecke kontaktieren: 1. um kommerzielle Informationen \u00fcber den Vertrieb des Papierspiels \u00fcber Ihre Offline- und Online-Shops zu erhalten; 2. wenn Sie Journalist sind, um ein Interview mit dem Erfinder des Spiels zu beantragen; 3. um Probleme zu melden oder Ratschl\u00e4ge zum Videospiel zu geben; 4. um Informationen \u00fcber die [&hellip;]","og_url":"https:\/\/www.data.game\/de\/datathegame-contact\/","og_site_name":"DATA! The Game","article_modified_time":"2025-02-21T06:59:05+00:00","twitter_card":"summary_large_image","twitter_misc":{"Gesch\u00e4tzte Lesezeit":"1\u00a0Minute"},"schema":{"@context":"https:\/\/schema.org","@graph":[{"@type":"WebPage","@id":"https:\/\/www.data.game\/de\/datathegame-contact\/","url":"https:\/\/www.data.game\/de\/datathegame-contact\/","name":"KONTAKT - DATA! The Game","isPartOf":{"@id":"https:\/\/www.data.game\/de\/#website"},"datePublished":"2025-02-19T14:43:03+00:00","dateModified":"2025-02-21T06:59:05+00:00","breadcrumb":{"@id":"https:\/\/www.data.game\/de\/datathegame-contact\/#breadcrumb"},"inLanguage":"de","potentialAction":[{"@type":"ReadAction","target":["https:\/\/www.data.game\/de\/datathegame-contact\/"]}]},{"@type":"BreadcrumbList","@id":"https:\/\/www.data.game\/de\/datathegame-contact\/#breadcrumb","itemListElement":[{"@type":"ListItem","position":1,"name":"Home","item":"https:\/\/www.data.game\/de\/"},{"@type":"ListItem","position":2,"name":"KONTAKT"}]},{"@type":"WebSite","@id":"https:\/\/www.data.game\/de\/#website","url":"https:\/\/www.data.game\/de\/","name":"DATA! The Game","description":"Play with data, dominate the empire","publisher":{"@id":"https:\/\/www.data.game\/de\/#organization"},"potentialAction":[{"@type":"SearchAction","target":{"@type":"EntryPoint","urlTemplate":"https:\/\/www.data.game\/de\/?s={search_term_string}"},"query-input":{"@type":"PropertyValueSpecification","valueRequired":true,"valueName":"search_term_string"}}],"inLanguage":"de"},{"@type":"Organization","@id":"https:\/\/www.data.game\/de\/#organization","name":"DATA The Game","url":"https:\/\/www.data.game\/de\/","logo":{"@type":"ImageObject","inLanguage":"de","@id":"https:\/\/www.data.game\/de\/#\/schema\/logo\/image\/","url":"https:\/\/www.data.game\/wp-content\/uploads\/2024\/12\/cropped-cropped-Logo-DATA-The-game-1000w.png","contentUrl":"https:\/\/www.data.game\/wp-content\/uploads\/2024\/12\/cropped-cropped-Logo-DATA-The-game-1000w.png","width":998,"height":983,"caption":"DATA The Game"},"image":{"@id":"https:\/\/www.data.game\/de\/#\/schema\/logo\/image\/"}}]}},"_links":{"self":[{"href":"https:\/\/www.data.game\/de\/wp-json\/wp\/v2\/pages\/1205","targetHints":{"allow":["GET"]}}],"collection":[{"href":"https:\/\/www.data.game\/de\/wp-json\/wp\/v2\/pages"}],"about":[{"href":"https:\/\/www.data.game\/de\/wp-json\/wp\/v2\/types\/page"}],"author":[{"embeddable":true,"href":"https:\/\/www.data.game\/de\/wp-json\/wp\/v2\/users\/1"}],"replies":[{"embeddable":true,"href":"https:\/\/www.data.game\/de\/wp-json\/wp\/v2\/comments?post=1205"}],"version-history":[{"count":2,"href":"https:\/\/www.data.game\/de\/wp-json\/wp\/v2\/pages\/1205\/revisions"}],"predecessor-version":[{"id":1366,"href":"https:\/\/www.data.game\/de\/wp-json\/wp\/v2\/pages\/1205\/revisions\/1366"}],"wp:attachment":[{"href":"https:\/\/www.data.game\/de\/wp-json\/wp\/v2\/media?parent=1205"}],"curies":[{"name":"wp","href":"https:\/\/api.w.org\/{rel}","templated":true}]}}